{"id":6576,"date":"2023-11-29T14:19:26","date_gmt":"2023-11-29T14:19:26","guid":{"rendered":"https:\/\/toskani.com\/us\/product\/tkn-ha-xs-2\/"},"modified":"2025-10-06T11:28:25","modified_gmt":"2025-10-06T11:28:25","slug":"tkn-ha-xs-2","status":"publish","type":"product","link":"https:\/\/toskani.com\/us\/es\/producto\/tkn-ha-xs-2\/","title":{"rendered":"TKN HA XS 2%"},"content":{"rendered":"<p>\u00c1cido Hialur\u00f3nico de bajo peso molecular Biobooster hidratante de larga duraci\u00f3n con una acci\u00f3n ultrahidratante profunda de efecto inmediato y juvenil.<\/p>\n","protected":false},"excerpt":{"rendered":"<p>\u00c1cido Hialur\u00f3nico de bajo peso molecular Biobooster hidratante de larga duraci\u00f3n con una acci\u00f3n ultrahidratante profunda de efecto inmediato y juvenil.<\/p>\n","protected":false},"featured_media":5858,"template":"","meta":[],"product_cat":[53,57],"product_tag":[],"class_list":["post-6576","product","type-product","status-publish","has-post-thumbnail","hentry","product_cat-antiedad","product_cat-cocktails"],"acf":[],"aioseo_notices":[],"_links":{"self":[{"href":"https:\/\/toskani.com\/us\/es\/wp-json\/wp\/v2\/product\/6576","targetHints":{"allow":["GET"]}}],"collection":[{"href":"https:\/\/toskani.com\/us\/es\/wp-json\/wp\/v2\/product"}],"about":[{"href":"https:\/\/toskani.com\/us\/es\/wp-json\/wp\/v2\/types\/product"}],"wp:featuredmedia":[{"embeddable":true,"href":"https:\/\/toskani.com\/us\/es\/wp-json\/wp\/v2\/media\/5858"}],"wp:attachment":[{"href":"https:\/\/toskani.com\/us\/es\/wp-json\/wp\/v2\/media?parent=6576"}],"wp:term":[{"taxonomy":"product_cat","embeddable":true,"href":"https:\/\/toskani.com\/us\/es\/wp-json\/wp\/v2\/product_cat?post=6576"},{"taxonomy":"product_tag","embeddable":true,"href":"https:\/\/toskani.com\/us\/es\/wp-json\/wp\/v2\/product_tag?post=6576"}],"curies":[{"name":"wp","href":"https:\/\/api.w.org\/{rel}","templated":true}]}}