{"id":6573,"date":"2023-11-29T14:27:07","date_gmt":"2023-11-29T14:27:07","guid":{"rendered":"https:\/\/toskani.com\/us\/product\/tkn-ha-mw-2\/"},"modified":"2025-10-06T11:28:02","modified_gmt":"2025-10-06T11:28:02","slug":"tkn-ha-mw-2","status":"publish","type":"product","link":"https:\/\/toskani.com\/us\/es\/producto\/tkn-ha-mw-2\/","title":{"rendered":"TKN HA MW 2%"},"content":{"rendered":"<p>Hyaluronic AcidAcid- medium molecular weight \u00c1cido hialur\u00f3nico de peso molecular medio. Biobooster hidratante de larga duraci\u00f3n con una acci\u00f3n ultrahidratante con un efecto inmediato y juvenil.<\/p>\n","protected":false},"excerpt":{"rendered":"<p>Hyaluronic AcidAcid- medium molecular weight \u00c1cido hialur\u00f3nico de peso molecular medio. Biobooster hidratante de larga duraci\u00f3n con una acci\u00f3n ultrahidratante con un efecto inmediato y juvenil.<\/p>\n","protected":false},"featured_media":5866,"template":"","meta":[],"product_cat":[53,57],"product_tag":[],"class_list":["post-6573","product","type-product","status-publish","has-post-thumbnail","hentry","product_cat-antiedad","product_cat-cocktails"],"acf":[],"aioseo_notices":[],"_links":{"self":[{"href":"https:\/\/toskani.com\/us\/es\/wp-json\/wp\/v2\/product\/6573","targetHints":{"allow":["GET"]}}],"collection":[{"href":"https:\/\/toskani.com\/us\/es\/wp-json\/wp\/v2\/product"}],"about":[{"href":"https:\/\/toskani.com\/us\/es\/wp-json\/wp\/v2\/types\/product"}],"wp:featuredmedia":[{"embeddable":true,"href":"https:\/\/toskani.com\/us\/es\/wp-json\/wp\/v2\/media\/5866"}],"wp:attachment":[{"href":"https:\/\/toskani.com\/us\/es\/wp-json\/wp\/v2\/media?parent=6573"}],"wp:term":[{"taxonomy":"product_cat","embeddable":true,"href":"https:\/\/toskani.com\/us\/es\/wp-json\/wp\/v2\/product_cat?post=6573"},{"taxonomy":"product_tag","embeddable":true,"href":"https:\/\/toskani.com\/us\/es\/wp-json\/wp\/v2\/product_tag?post=6573"}],"curies":[{"name":"wp","href":"https:\/\/api.w.org\/{rel}","templated":true}]}}