{"id":6571,"date":"2023-11-29T14:33:16","date_gmt":"2023-11-29T14:33:16","guid":{"rendered":"https:\/\/toskani.com\/us\/product\/ncpr\/"},"modified":"2025-10-06T11:24:21","modified_gmt":"2025-10-06T11:24:21","slug":"ncpr","status":"publish","type":"product","link":"https:\/\/toskani.com\/us\/es\/producto\/ncpr\/","title":{"rendered":"NCPR"},"content":{"rendered":"<p>Nutritive Poli Revitalising Complex + HA Soluci\u00f3n global inmediata hydraboost para una nutrici\u00f3n intensiva del rostro. Acci\u00f3n de hidrataci\u00f3n profunda para una piel m\u00e1s sana y jugosa.<\/p>\n","protected":false},"excerpt":{"rendered":"<p>Nutritive Poli Revitalising Complex + HA Soluci\u00f3n global inmediata hydraboost para una nutrici\u00f3n intensiva del rostro. Acci\u00f3n de hidrataci\u00f3n profunda para una piel m\u00e1s sana y jugosa.<\/p>\n","protected":false},"featured_media":5874,"template":"","meta":[],"product_cat":[53,57],"product_tag":[],"class_list":["post-6571","product","type-product","status-publish","has-post-thumbnail","hentry","product_cat-antiedad","product_cat-cocktails"],"acf":[],"aioseo_notices":[],"_links":{"self":[{"href":"https:\/\/toskani.com\/us\/es\/wp-json\/wp\/v2\/product\/6571","targetHints":{"allow":["GET"]}}],"collection":[{"href":"https:\/\/toskani.com\/us\/es\/wp-json\/wp\/v2\/product"}],"about":[{"href":"https:\/\/toskani.com\/us\/es\/wp-json\/wp\/v2\/types\/product"}],"wp:featuredmedia":[{"embeddable":true,"href":"https:\/\/toskani.com\/us\/es\/wp-json\/wp\/v2\/media\/5874"}],"wp:attachment":[{"href":"https:\/\/toskani.com\/us\/es\/wp-json\/wp\/v2\/media?parent=6571"}],"wp:term":[{"taxonomy":"product_cat","embeddable":true,"href":"https:\/\/toskani.com\/us\/es\/wp-json\/wp\/v2\/product_cat?post=6571"},{"taxonomy":"product_tag","embeddable":true,"href":"https:\/\/toskani.com\/us\/es\/wp-json\/wp\/v2\/product_tag?post=6571"}],"curies":[{"name":"wp","href":"https:\/\/api.w.org\/{rel}","templated":true}]}}