{"id":992,"date":"2023-03-07T10:10:49","date_gmt":"2023-03-07T10:10:49","guid":{"rendered":"https:\/\/toskani.com\/product\/antiaging-cocktail\/"},"modified":"2025-10-06T11:04:28","modified_gmt":"2025-10-06T11:04:28","slug":"antiaging-cocktail","status":"publish","type":"product","link":"https:\/\/toskani.com\/pl\/product\/antiaging-cocktail\/","title":{"rendered":"Antiaging cocktail"},"content":{"rendered":"<p>Koktajl o intensywnym dzia\u0142aniu nawil\u017caj\u0105cym i odm\u0142adzaj\u0105cym. Po\u0142\u0105czenie sk\u0142adnik\u00f3w aktywnych poprawia owal twarzy i zapobiega starzeniu.<\/p>\n","protected":false},"excerpt":{"rendered":"<p>Koktajl o intensywnym dzia\u0142aniu nawil\u017caj\u0105cym i odm\u0142adzaj\u0105cym. Po\u0142\u0105czenie sk\u0142adnik\u00f3w aktywnych poprawia owal twarzy i zapobiega starzeniu.<\/p>\n","protected":false},"featured_media":993,"comment_status":"open","ping_status":"closed","template":"","meta":[],"product_cat":[19,36,27,20],"product_tag":[],"class_list":["post-992","product","type-product","status-publish","has-post-thumbnail","hentry","product_cat-antiedad-pl","product_cat-cocktails-pl","product_cat-corporal-pl","product_cat-facial-pl"],"acf":[],"aioseo_notices":[],"_links":{"self":[{"href":"https:\/\/toskani.com\/pl\/wp-json\/wp\/v2\/product\/992","targetHints":{"allow":["GET"]}}],"collection":[{"href":"https:\/\/toskani.com\/pl\/wp-json\/wp\/v2\/product"}],"about":[{"href":"https:\/\/toskani.com\/pl\/wp-json\/wp\/v2\/types\/product"}],"replies":[{"embeddable":true,"href":"https:\/\/toskani.com\/pl\/wp-json\/wp\/v2\/comments?post=992"}],"wp:featuredmedia":[{"embeddable":true,"href":"https:\/\/toskani.com\/pl\/wp-json\/wp\/v2\/media\/993"}],"wp:attachment":[{"href":"https:\/\/toskani.com\/pl\/wp-json\/wp\/v2\/media?parent=992"}],"wp:term":[{"taxonomy":"product_cat","embeddable":true,"href":"https:\/\/toskani.com\/pl\/wp-json\/wp\/v2\/product_cat?post=992"},{"taxonomy":"product_tag","embeddable":true,"href":"https:\/\/toskani.com\/pl\/wp-json\/wp\/v2\/product_tag?post=992"}],"curies":[{"name":"wp","href":"https:\/\/api.w.org\/{rel}","templated":true}]}}