{"id":984,"date":"2023-03-07T10:13:15","date_gmt":"2023-03-07T10:13:15","guid":{"rendered":"https:\/\/toskani.com\/product\/anticellulite-cocktail\/"},"modified":"2025-10-06T11:03:45","modified_gmt":"2025-10-06T11:03:45","slug":"anticellulite-cocktail","status":"publish","type":"product","link":"https:\/\/toskani.com\/pl\/product\/anticellulite-cocktail\/","title":{"rendered":"Anticellulite Cocktail"},"content":{"rendered":"<p>Preparat zawieraj\u0105cy bardzo intensywne substancje lipolityczne oraz ekstrakty ro\u015blinne o dzia\u0142aniu diuretycznym i drenuj\u0105cym w celu uzyskania najsilniejszych rezultat\u00f3w.<\/p>\n","protected":false},"excerpt":{"rendered":"<p>Preparat zawieraj\u0105cy bardzo intensywne substancje lipolityczne oraz ekstrakty ro\u015blinne o dzia\u0142aniu diuretycznym i drenuj\u0105cym w celu uzyskania najsilniejszych rezultat\u00f3w.<\/p>\n","protected":false},"featured_media":985,"comment_status":"open","ping_status":"closed","template":"","meta":[],"product_cat":[36,27],"product_tag":[],"class_list":["post-984","product","type-product","status-publish","has-post-thumbnail","hentry","product_cat-cocktails-pl","product_cat-corporal-pl"],"acf":[],"aioseo_notices":[],"_links":{"self":[{"href":"https:\/\/toskani.com\/pl\/wp-json\/wp\/v2\/product\/984","targetHints":{"allow":["GET"]}}],"collection":[{"href":"https:\/\/toskani.com\/pl\/wp-json\/wp\/v2\/product"}],"about":[{"href":"https:\/\/toskani.com\/pl\/wp-json\/wp\/v2\/types\/product"}],"replies":[{"embeddable":true,"href":"https:\/\/toskani.com\/pl\/wp-json\/wp\/v2\/comments?post=984"}],"wp:featuredmedia":[{"embeddable":true,"href":"https:\/\/toskani.com\/pl\/wp-json\/wp\/v2\/media\/985"}],"wp:attachment":[{"href":"https:\/\/toskani.com\/pl\/wp-json\/wp\/v2\/media?parent=984"}],"wp:term":[{"taxonomy":"product_cat","embeddable":true,"href":"https:\/\/toskani.com\/pl\/wp-json\/wp\/v2\/product_cat?post=984"},{"taxonomy":"product_tag","embeddable":true,"href":"https:\/\/toskani.com\/pl\/wp-json\/wp\/v2\/product_tag?post=984"}],"curies":[{"name":"wp","href":"https:\/\/api.w.org\/{rel}","templated":true}]}}