{"id":968,"date":"2023-03-07T10:18:22","date_gmt":"2023-03-07T10:18:22","guid":{"rendered":"https:\/\/toskani.com\/product\/localized-cellulite-cocktail\/"},"modified":"2025-10-06T11:02:29","modified_gmt":"2025-10-06T11:02:29","slug":"localized-cellulite-cocktail","status":"publish","type":"product","link":"https:\/\/toskani.com\/pl\/product\/localized-cellulite-cocktail\/","title":{"rendered":"Localized Cellulite Cocktail"},"content":{"rendered":"<p>Koktajl na zlokalizowany cellulit zawiera czynniki lipolityczne i ekstrakty pochodzenia naturalnego, kt\u00f3re pobudzaj\u0105 kr\u0105\u017cenie, rozpuszczaj\u0105 i usuwaj\u0105 nawet najbardziej problematyczn\u0105 i zbit\u0105 zlokalizowan\u0105 tkank\u0119 t\u0142uszczow\u0105.<\/p>\n","protected":false},"excerpt":{"rendered":"<p>Koktajl na zlokalizowany cellulit zawiera czynniki lipolityczne i ekstrakty pochodzenia naturalnego, kt\u00f3re pobudzaj\u0105 kr\u0105\u017cenie, rozpuszczaj\u0105 i usuwaj\u0105 nawet najbardziej problematyczn\u0105 i zbit\u0105 zlokalizowan\u0105 tkank\u0119 t\u0142uszczow\u0105.<\/p>\n","protected":false},"featured_media":969,"comment_status":"open","ping_status":"closed","template":"","meta":[],"product_cat":[36,27],"product_tag":[],"class_list":["post-968","product","type-product","status-publish","has-post-thumbnail","hentry","product_cat-cocktails-pl","product_cat-corporal-pl"],"acf":[],"aioseo_notices":[],"_links":{"self":[{"href":"https:\/\/toskani.com\/pl\/wp-json\/wp\/v2\/product\/968","targetHints":{"allow":["GET"]}}],"collection":[{"href":"https:\/\/toskani.com\/pl\/wp-json\/wp\/v2\/product"}],"about":[{"href":"https:\/\/toskani.com\/pl\/wp-json\/wp\/v2\/types\/product"}],"replies":[{"embeddable":true,"href":"https:\/\/toskani.com\/pl\/wp-json\/wp\/v2\/comments?post=968"}],"wp:featuredmedia":[{"embeddable":true,"href":"https:\/\/toskani.com\/pl\/wp-json\/wp\/v2\/media\/969"}],"wp:attachment":[{"href":"https:\/\/toskani.com\/pl\/wp-json\/wp\/v2\/media?parent=968"}],"wp:term":[{"taxonomy":"product_cat","embeddable":true,"href":"https:\/\/toskani.com\/pl\/wp-json\/wp\/v2\/product_cat?post=968"},{"taxonomy":"product_tag","embeddable":true,"href":"https:\/\/toskani.com\/pl\/wp-json\/wp\/v2\/product_tag?post=968"}],"curies":[{"name":"wp","href":"https:\/\/api.w.org\/{rel}","templated":true}]}}