{"id":960,"date":"2023-03-07T10:22:22","date_gmt":"2023-03-07T10:22:22","guid":{"rendered":"https:\/\/toskani.com\/product\/mesolift-cocktail\/"},"modified":"2025-10-06T11:01:55","modified_gmt":"2025-10-06T11:01:55","slug":"mesolift-cocktail","status":"publish","type":"product","link":"https:\/\/toskani.com\/pl\/product\/mesolift-cocktail\/","title":{"rendered":"Mesolift Cocktail"},"content":{"rendered":"<p class=\"p1\">Koktajl o dzia\u0142aniu uj\u0119drniaj\u0105cym, zag\u0119szczaj\u0105cy i hamuj\u0105cy procesy starzenia si\u0119 sk\u00f3ry. Poprawia wygl\u0105d wyg\u0142adza zmarszczki, jednocze\u015bnie nawil\u017ca i napina sk\u00f3r\u0119.<\/p>\n","protected":false},"excerpt":{"rendered":"<p>Koktajl o dzia\u0142aniu uj\u0119drniaj\u0105cym, zag\u0119szczaj\u0105cy i hamuj\u0105cy procesy starzenia si\u0119 sk\u00f3ry. Poprawia wygl\u0105d wyg\u0142adza zmarszczki, jednocze\u015bnie nawil\u017ca i napina sk\u00f3r\u0119.<\/p>\n","protected":false},"featured_media":961,"comment_status":"open","ping_status":"closed","template":"","meta":[],"product_cat":[19,36,27,20],"product_tag":[],"class_list":["post-960","product","type-product","status-publish","has-post-thumbnail","hentry","product_cat-antiedad-pl","product_cat-cocktails-pl","product_cat-corporal-pl","product_cat-facial-pl"],"acf":[],"aioseo_notices":[],"_links":{"self":[{"href":"https:\/\/toskani.com\/pl\/wp-json\/wp\/v2\/product\/960","targetHints":{"allow":["GET"]}}],"collection":[{"href":"https:\/\/toskani.com\/pl\/wp-json\/wp\/v2\/product"}],"about":[{"href":"https:\/\/toskani.com\/pl\/wp-json\/wp\/v2\/types\/product"}],"replies":[{"embeddable":true,"href":"https:\/\/toskani.com\/pl\/wp-json\/wp\/v2\/comments?post=960"}],"wp:featuredmedia":[{"embeddable":true,"href":"https:\/\/toskani.com\/pl\/wp-json\/wp\/v2\/media\/961"}],"wp:attachment":[{"href":"https:\/\/toskani.com\/pl\/wp-json\/wp\/v2\/media?parent=960"}],"wp:term":[{"taxonomy":"product_cat","embeddable":true,"href":"https:\/\/toskani.com\/pl\/wp-json\/wp\/v2\/product_cat?post=960"},{"taxonomy":"product_tag","embeddable":true,"href":"https:\/\/toskani.com\/pl\/wp-json\/wp\/v2\/product_tag?post=960"}],"curies":[{"name":"wp","href":"https:\/\/api.w.org\/{rel}","templated":true}]}}