{"id":944,"date":"2023-03-07T10:37:59","date_gmt":"2023-03-07T10:37:59","guid":{"rendered":"https:\/\/toskani.com\/product\/radiance-cocktail\/"},"modified":"2025-10-06T11:01:12","modified_gmt":"2025-10-06T11:01:12","slug":"radiance-cocktail","status":"publish","type":"product","link":"https:\/\/toskani.com\/pl\/product\/radiance-cocktail\/","title":{"rendered":"Radiance Cocktail"},"content":{"rendered":"<p class=\"p1\">Koktajl o dzia\u0142aniu niweluj\u0105cy przebarwienia i wyr\u00f3wnuj\u0105cy nier\u00f3wny koloryt sk\u00f3ry.<\/p>\n","protected":false},"excerpt":{"rendered":"<p>Koktajl o dzia\u0142aniu niweluj\u0105cy przebarwienia i wyr\u00f3wnuj\u0105cy nier\u00f3wny koloryt sk\u00f3ry.<\/p>\n","protected":false},"featured_media":945,"comment_status":"open","ping_status":"closed","template":"","meta":[],"product_cat":[36,27,24,20],"product_tag":[],"class_list":["post-944","product","type-product","status-publish","has-post-thumbnail","hentry","product_cat-cocktails-pl","product_cat-corporal-pl","product_cat-despigmentacion-pl","product_cat-facial-pl"],"acf":[],"aioseo_notices":[],"_links":{"self":[{"href":"https:\/\/toskani.com\/pl\/wp-json\/wp\/v2\/product\/944","targetHints":{"allow":["GET"]}}],"collection":[{"href":"https:\/\/toskani.com\/pl\/wp-json\/wp\/v2\/product"}],"about":[{"href":"https:\/\/toskani.com\/pl\/wp-json\/wp\/v2\/types\/product"}],"replies":[{"embeddable":true,"href":"https:\/\/toskani.com\/pl\/wp-json\/wp\/v2\/comments?post=944"}],"wp:featuredmedia":[{"embeddable":true,"href":"https:\/\/toskani.com\/pl\/wp-json\/wp\/v2\/media\/945"}],"wp:attachment":[{"href":"https:\/\/toskani.com\/pl\/wp-json\/wp\/v2\/media?parent=944"}],"wp:term":[{"taxonomy":"product_cat","embeddable":true,"href":"https:\/\/toskani.com\/pl\/wp-json\/wp\/v2\/product_cat?post=944"},{"taxonomy":"product_tag","embeddable":true,"href":"https:\/\/toskani.com\/pl\/wp-json\/wp\/v2\/product_tag?post=944"}],"curies":[{"name":"wp","href":"https:\/\/api.w.org\/{rel}","templated":true}]}}