{"id":936,"date":"2023-03-07T10:41:58","date_gmt":"2023-03-07T10:41:58","guid":{"rendered":"https:\/\/toskani.com\/product\/regenerating-cocktail\/"},"modified":"2025-10-06T11:00:44","modified_gmt":"2025-10-06T11:00:44","slug":"regenerating-cocktail","status":"publish","type":"product","link":"https:\/\/toskani.com\/pl\/product\/regenerating-cocktail\/","title":{"rendered":"Regenerating Cocktail"},"content":{"rendered":"<p class=\"p1\">Koktajl bogaty w kolagen i elastyn\u0119 o dzia\u0142aniu naprawczym. Nadaje sk\u00f3rze elastyczno\u015b\u0107, mi\u0119kko\u015b\u0107 i g\u0142adko\u015b\u0107.<\/p>\n","protected":false},"excerpt":{"rendered":"<p>Koktajl bogaty w kolagen i elastyn\u0119 o dzia\u0142aniu naprawczym. Nadaje sk\u00f3rze elastyczno\u015b\u0107, mi\u0119kko\u015b\u0107 i g\u0142adko\u015b\u0107.<\/p>\n","protected":false},"featured_media":937,"comment_status":"open","ping_status":"closed","template":"","meta":[],"product_cat":[36,27,20,35],"product_tag":[],"class_list":["post-936","product","type-product","status-publish","has-post-thumbnail","hentry","product_cat-cocktails-pl","product_cat-corporal-pl","product_cat-facial-pl","product_cat-reparar-pl"],"acf":[],"aioseo_notices":[],"_links":{"self":[{"href":"https:\/\/toskani.com\/pl\/wp-json\/wp\/v2\/product\/936","targetHints":{"allow":["GET"]}}],"collection":[{"href":"https:\/\/toskani.com\/pl\/wp-json\/wp\/v2\/product"}],"about":[{"href":"https:\/\/toskani.com\/pl\/wp-json\/wp\/v2\/types\/product"}],"replies":[{"embeddable":true,"href":"https:\/\/toskani.com\/pl\/wp-json\/wp\/v2\/comments?post=936"}],"wp:featuredmedia":[{"embeddable":true,"href":"https:\/\/toskani.com\/pl\/wp-json\/wp\/v2\/media\/937"}],"wp:attachment":[{"href":"https:\/\/toskani.com\/pl\/wp-json\/wp\/v2\/media?parent=936"}],"wp:term":[{"taxonomy":"product_cat","embeddable":true,"href":"https:\/\/toskani.com\/pl\/wp-json\/wp\/v2\/product_cat?post=936"},{"taxonomy":"product_tag","embeddable":true,"href":"https:\/\/toskani.com\/pl\/wp-json\/wp\/v2\/product_tag?post=936"}],"curies":[{"name":"wp","href":"https:\/\/api.w.org\/{rel}","templated":true}]}}