{"id":928,"date":"2023-03-07T10:46:17","date_gmt":"2023-03-07T10:46:17","guid":{"rendered":"https:\/\/toskani.com\/product\/silhouette-cocktail\/"},"modified":"2025-10-06T11:00:01","modified_gmt":"2025-10-06T11:00:01","slug":"silhouette-cocktail","status":"publish","type":"product","link":"https:\/\/toskani.com\/pl\/product\/silhouette-cocktail\/","title":{"rendered":"Silhouette Cocktail"},"content":{"rendered":"<p class=\"p1\">Intensywny preparat drenuj\u0105cy, o dzia\u0142aniu antycellulitowym i modeluj\u0105cym sylwetk\u0119 .<\/p>\n","protected":false},"excerpt":{"rendered":"<p>Intensywny preparat drenuj\u0105cy, o dzia\u0142aniu antycellulitowym i modeluj\u0105cym sylwetk\u0119 .<\/p>\n","protected":false},"featured_media":929,"comment_status":"open","ping_status":"closed","template":"","meta":[],"product_cat":[36,27],"product_tag":[],"class_list":["post-928","product","type-product","status-publish","has-post-thumbnail","hentry","product_cat-cocktails-pl","product_cat-corporal-pl"],"acf":[],"aioseo_notices":[],"_links":{"self":[{"href":"https:\/\/toskani.com\/pl\/wp-json\/wp\/v2\/product\/928","targetHints":{"allow":["GET"]}}],"collection":[{"href":"https:\/\/toskani.com\/pl\/wp-json\/wp\/v2\/product"}],"about":[{"href":"https:\/\/toskani.com\/pl\/wp-json\/wp\/v2\/types\/product"}],"replies":[{"embeddable":true,"href":"https:\/\/toskani.com\/pl\/wp-json\/wp\/v2\/comments?post=928"}],"wp:featuredmedia":[{"embeddable":true,"href":"https:\/\/toskani.com\/pl\/wp-json\/wp\/v2\/media\/929"}],"wp:attachment":[{"href":"https:\/\/toskani.com\/pl\/wp-json\/wp\/v2\/media?parent=928"}],"wp:term":[{"taxonomy":"product_cat","embeddable":true,"href":"https:\/\/toskani.com\/pl\/wp-json\/wp\/v2\/product_cat?post=928"},{"taxonomy":"product_tag","embeddable":true,"href":"https:\/\/toskani.com\/pl\/wp-json\/wp\/v2\/product_tag?post=928"}],"curies":[{"name":"wp","href":"https:\/\/api.w.org\/{rel}","templated":true}]}}