{"id":912,"date":"2023-03-07T10:57:44","date_gmt":"2023-03-07T10:57:44","guid":{"rendered":"https:\/\/toskani.com\/product\/lactisome-duo\/"},"modified":"2024-01-05T10:00:16","modified_gmt":"2024-01-05T10:00:16","slug":"lactisome-duo","status":"publish","type":"product","link":"https:\/\/toskani.com\/pl\/product\/lactisome-duo\/","title":{"rendered":"Lactisome Duo"},"content":{"rendered":"<p>Peeling chemiczny dla sk\u00f3ry wra\u017cliwej na bazie kwasu mlekowego. Poprawia j\u0119drno\u015b\u0107, wyg\u0142adza tekstur\u0119 i zmniejsza widoczno\u015b\u0107 zmarszczek i drobnych linii.<\/p>\n<p>Lactisome Duo wykorzystuje innowacyjn\u0105 technologi\u0119 kwasu zamkni\u0119tego w liposomach, kt\u00f3ra posiada wszystkie zalety peelingu chemicznego, z natychmiastowymi efektami, ale bez podra\u017cnie\u0144 i rekonwalescencji po zabiegu.<\/p>\n<p>Pude\u0142ko zawiera 10 opakowa\u0144 po 5 kulek o pojemno\u015bci 1 ml.<\/p>\n","protected":false},"excerpt":{"rendered":"<p>Peeling chemiczny dla sk\u00f3ry wra\u017cliwej na bazie kwasu mlekowego. Poprawia j\u0119drno\u015b\u0107, wyg\u0142adza tekstur\u0119 i zmniejsza widoczno\u015b\u0107 zmarszczek i drobnych linii. Lactisome Duo wykorzystuje innowacyjn\u0105 technologi\u0119 kwasu zamkni\u0119tego w liposomach, kt\u00f3ra [&hellip;]<\/p>\n","protected":false},"featured_media":913,"comment_status":"open","ping_status":"closed","template":"","meta":[],"product_cat":[34,20,35],"product_tag":[],"class_list":["post-912","product","type-product","status-publish","has-post-thumbnail","hentry","product_cat-exfoliante-pl","product_cat-facial-pl","product_cat-reparar-pl"],"acf":[],"aioseo_notices":[],"_links":{"self":[{"href":"https:\/\/toskani.com\/pl\/wp-json\/wp\/v2\/product\/912","targetHints":{"allow":["GET"]}}],"collection":[{"href":"https:\/\/toskani.com\/pl\/wp-json\/wp\/v2\/product"}],"about":[{"href":"https:\/\/toskani.com\/pl\/wp-json\/wp\/v2\/types\/product"}],"replies":[{"embeddable":true,"href":"https:\/\/toskani.com\/pl\/wp-json\/wp\/v2\/comments?post=912"}],"wp:featuredmedia":[{"embeddable":true,"href":"https:\/\/toskani.com\/pl\/wp-json\/wp\/v2\/media\/913"}],"wp:attachment":[{"href":"https:\/\/toskani.com\/pl\/wp-json\/wp\/v2\/media?parent=912"}],"wp:term":[{"taxonomy":"product_cat","embeddable":true,"href":"https:\/\/toskani.com\/pl\/wp-json\/wp\/v2\/product_cat?post=912"},{"taxonomy":"product_tag","embeddable":true,"href":"https:\/\/toskani.com\/pl\/wp-json\/wp\/v2\/product_tag?post=912"}],"curies":[{"name":"wp","href":"https:\/\/api.w.org\/{rel}","templated":true}]}}