{"id":904,"date":"2023-03-07T11:04:14","date_gmt":"2023-03-07T11:04:14","guid":{"rendered":"https:\/\/toskani.com\/product\/mandesome-duo\/"},"modified":"2024-01-05T09:53:06","modified_gmt":"2024-01-05T09:53:06","slug":"mandesome-duo","status":"publish","type":"product","link":"https:\/\/toskani.com\/pl\/product\/mandesome-duo\/","title":{"rendered":"Mandesome Duo"},"content":{"rendered":"<p>Duosomalny peeling chemiczny na bazie kwasu migda\u0142owego, kt\u00f3ry dzia\u0142a podw\u00f3jnie regeneruje i rozja\u015bnia sk\u00f3r\u0119. Dzi\u0119ki innowacyjnej technologii kwasu zamkni\u0119tego w liposomach, posiada wszystkie zalety peelingu chemicznego, z natychmiastowymi rezultatami, ale bez podra\u017cnie\u0144 i rekonwalescencji po zabiegu.<\/p>\n<p>Pude\u0142ko zawiera 10 opakowa\u0144 po 5 pere\u0142ek o pojemno\u015bci 1 ml.<\/p>\n","protected":false},"excerpt":{"rendered":"<p>Duosomalny peeling chemiczny na bazie kwasu migda\u0142owego, kt\u00f3ry dzia\u0142a podw\u00f3jnie regeneruje i rozja\u015bnia sk\u00f3r\u0119. Dzi\u0119ki innowacyjnej technologii kwasu zamkni\u0119tego w liposomach, posiada wszystkie zalety peelingu chemicznego, z natychmiastowymi rezultatami, ale [&hellip;]<\/p>\n","protected":false},"featured_media":905,"comment_status":"open","ping_status":"closed","template":"","meta":[],"product_cat":[24,34,20],"product_tag":[],"class_list":["post-904","product","type-product","status-publish","has-post-thumbnail","hentry","product_cat-despigmentacion-pl","product_cat-exfoliante-pl","product_cat-facial-pl"],"acf":[],"aioseo_notices":[],"_links":{"self":[{"href":"https:\/\/toskani.com\/pl\/wp-json\/wp\/v2\/product\/904","targetHints":{"allow":["GET"]}}],"collection":[{"href":"https:\/\/toskani.com\/pl\/wp-json\/wp\/v2\/product"}],"about":[{"href":"https:\/\/toskani.com\/pl\/wp-json\/wp\/v2\/types\/product"}],"replies":[{"embeddable":true,"href":"https:\/\/toskani.com\/pl\/wp-json\/wp\/v2\/comments?post=904"}],"wp:featuredmedia":[{"embeddable":true,"href":"https:\/\/toskani.com\/pl\/wp-json\/wp\/v2\/media\/905"}],"wp:attachment":[{"href":"https:\/\/toskani.com\/pl\/wp-json\/wp\/v2\/media?parent=904"}],"wp:term":[{"taxonomy":"product_cat","embeddable":true,"href":"https:\/\/toskani.com\/pl\/wp-json\/wp\/v2\/product_cat?post=904"},{"taxonomy":"product_tag","embeddable":true,"href":"https:\/\/toskani.com\/pl\/wp-json\/wp\/v2\/product_tag?post=904"}],"curies":[{"name":"wp","href":"https:\/\/api.w.org\/{rel}","templated":true}]}}