{"id":888,"date":"2023-03-07T11:15:50","date_gmt":"2023-03-07T11:15:50","guid":{"rendered":"https:\/\/toskani.com\/product\/bamboo-hydratonic\/"},"modified":"2024-01-04T16:02:39","modified_gmt":"2024-01-04T16:02:39","slug":"bamboo-hydratonic","status":"publish","type":"product","link":"https:\/\/toskani.com\/pl\/product\/bamboo-hydratonic\/","title":{"rendered":"Bamboo hydratonic"},"content":{"rendered":"<p>Nawil\u017caj\u0105cy i mikro-z\u0142uszczaj\u0105cy tonik do twarzy.<\/p>\n<p>Bamboo hydratonic uzupe\u0142nia codzienny rytua\u0142 oczyszczania sk\u00f3ry i zapewnia delikatne z\u0142uszczanie, kt\u00f3re usuwa zanieczyszczenia i martwe kom\u00f3rki nask\u00f3rka, jednocze\u015bnie przyspieszaj\u0105c odnow\u0119 kom\u00f3rkow\u0105. Jest to \u015bwie\u017cy, delikatnie pachn\u0105cy, bezalkoholowy tonik z koj\u0105cym i naprawczym ekstraktem z aloesu, kt\u00f3ry zapewnia uczucie czysto\u015bci i \u015bwie\u017co\u015bci. Tonizuje i przywraca r\u00f3wnowag\u0119 funkcji sk\u00f3ry, a nast\u0119pnie przygotowuje j\u0105 do aplikacji kosmetyk\u00f3w.<\/p>\n","protected":false},"excerpt":{"rendered":"<p>Nawil\u017caj\u0105cy i mikro-z\u0142uszczaj\u0105cy tonik do twarzy. Bamboo hydratonic uzupe\u0142nia codzienny rytua\u0142 oczyszczania sk\u00f3ry i zapewnia delikatne z\u0142uszczanie, kt\u00f3re usuwa zanieczyszczenia i martwe kom\u00f3rki nask\u00f3rka, jednocze\u015bnie przyspieszaj\u0105c odnow\u0119 kom\u00f3rkow\u0105. Jest to [&hellip;]<\/p>\n","protected":false},"featured_media":889,"comment_status":"open","ping_status":"closed","template":"","meta":[],"product_cat":[34,20,33],"product_tag":[],"class_list":["post-888","product","type-product","status-publish","has-post-thumbnail","hentry","product_cat-exfoliante-pl","product_cat-facial-pl","product_cat-higiene-pl"],"acf":[],"aioseo_notices":[],"_links":{"self":[{"href":"https:\/\/toskani.com\/pl\/wp-json\/wp\/v2\/product\/888","targetHints":{"allow":["GET"]}}],"collection":[{"href":"https:\/\/toskani.com\/pl\/wp-json\/wp\/v2\/product"}],"about":[{"href":"https:\/\/toskani.com\/pl\/wp-json\/wp\/v2\/types\/product"}],"replies":[{"embeddable":true,"href":"https:\/\/toskani.com\/pl\/wp-json\/wp\/v2\/comments?post=888"}],"wp:featuredmedia":[{"embeddable":true,"href":"https:\/\/toskani.com\/pl\/wp-json\/wp\/v2\/media\/889"}],"wp:attachment":[{"href":"https:\/\/toskani.com\/pl\/wp-json\/wp\/v2\/media?parent=888"}],"wp:term":[{"taxonomy":"product_cat","embeddable":true,"href":"https:\/\/toskani.com\/pl\/wp-json\/wp\/v2\/product_cat?post=888"},{"taxonomy":"product_tag","embeddable":true,"href":"https:\/\/toskani.com\/pl\/wp-json\/wp\/v2\/product_tag?post=888"}],"curies":[{"name":"wp","href":"https:\/\/api.w.org\/{rel}","templated":true}]}}