{"id":880,"date":"2023-03-07T11:18:04","date_gmt":"2023-03-07T11:18:04","guid":{"rendered":"https:\/\/toskani.com\/product\/energizing-cleanser\/"},"modified":"2024-01-04T15:53:51","modified_gmt":"2024-01-04T15:53:51","slug":"energizing-cleanser","status":"publish","type":"product","link":"https:\/\/toskani.com\/pl\/product\/energizing-cleanser\/","title":{"rendered":"Energizing cleanser"},"content":{"rendered":"<p class=\"p1\">Aktywy \u017cel do mycia twarzy o dzia\u0142aniu rewitalizuj\u0105cym, zapewnia uczucie \u015bwie\u017co\u015bci. Oczyszcza i tonizuje sk\u00f3r\u0119. Jego \u017celowa formu\u0142a usuwa brud, kurz, nadmiar sebum i martwe kom\u00f3rki, nie uszkadzaj\u0105c warstwy hydrolipidowej sk\u00f3ry. Zapobiega wysuszeniu i podra\u017cnieniom sk\u00f3ry.<\/p>\n","protected":false},"excerpt":{"rendered":"<p>Aktywy \u017cel do mycia twarzy o dzia\u0142aniu rewitalizuj\u0105cym, zapewnia uczucie \u015bwie\u017co\u015bci. Oczyszcza i tonizuje sk\u00f3r\u0119. Jego \u017celowa formu\u0142a usuwa brud, kurz, nadmiar sebum i martwe kom\u00f3rki, nie uszkadzaj\u0105c warstwy hydrolipidowej [&hellip;]<\/p>\n","protected":false},"featured_media":881,"comment_status":"open","ping_status":"closed","template":"","meta":[],"product_cat":[32,20,33],"product_tag":[],"class_list":["post-880","product","type-product","status-publish","has-post-thumbnail","hentry","product_cat-cleanser-pl","product_cat-facial-pl","product_cat-higiene-pl"],"acf":[],"aioseo_notices":[],"_links":{"self":[{"href":"https:\/\/toskani.com\/pl\/wp-json\/wp\/v2\/product\/880","targetHints":{"allow":["GET"]}}],"collection":[{"href":"https:\/\/toskani.com\/pl\/wp-json\/wp\/v2\/product"}],"about":[{"href":"https:\/\/toskani.com\/pl\/wp-json\/wp\/v2\/types\/product"}],"replies":[{"embeddable":true,"href":"https:\/\/toskani.com\/pl\/wp-json\/wp\/v2\/comments?post=880"}],"wp:featuredmedia":[{"embeddable":true,"href":"https:\/\/toskani.com\/pl\/wp-json\/wp\/v2\/media\/881"}],"wp:attachment":[{"href":"https:\/\/toskani.com\/pl\/wp-json\/wp\/v2\/media?parent=880"}],"wp:term":[{"taxonomy":"product_cat","embeddable":true,"href":"https:\/\/toskani.com\/pl\/wp-json\/wp\/v2\/product_cat?post=880"},{"taxonomy":"product_tag","embeddable":true,"href":"https:\/\/toskani.com\/pl\/wp-json\/wp\/v2\/product_tag?post=880"}],"curies":[{"name":"wp","href":"https:\/\/api.w.org\/{rel}","templated":true}]}}