{"id":857,"date":"2023-03-07T11:26:04","date_gmt":"2023-03-07T11:26:04","guid":{"rendered":"https:\/\/toskani.com\/product\/purifying-cleanser\/"},"modified":"2024-01-04T15:24:49","modified_gmt":"2024-01-04T15:24:49","slug":"purifying-cleanser","status":"publish","type":"product","link":"https:\/\/toskani.com\/pl\/product\/purifying-cleanser\/","title":{"rendered":"Purifying cleanser"},"content":{"rendered":"<p>\u017bel do mycia twarzy do cery t\u0142ustej, mieszanej i z przebarwieniami. Redukuje nadmiar sebum, eliminuje b\u0142yszczenie oraz matuje sk\u00f3r\u0119.<\/p>\n<p>Jego bezsiarczanowa formu\u0142a z \u0142agodnymi \u015brodkami powierzchniowo czynnymi pomaga usuwa\u0107 zanieczyszczenia i powierzchowne bakterie bez podra\u017cniania sk\u00f3ry. Polecany do sk\u00f3ry tr\u0105dzikowej, z zask\u00f3rnikami i wypryskami.<\/p>\n","protected":false},"excerpt":{"rendered":"<p>\u017bel do mycia twarzy do cery t\u0142ustej, mieszanej i z przebarwieniami. Redukuje nadmiar sebum, eliminuje b\u0142yszczenie oraz matuje sk\u00f3r\u0119. Jego bezsiarczanowa formu\u0142a z \u0142agodnymi \u015brodkami powierzchniowo czynnymi pomaga usuwa\u0107 zanieczyszczenia [&hellip;]<\/p>\n","protected":false},"featured_media":865,"comment_status":"open","ping_status":"closed","template":"","meta":[],"product_cat":[32,20,33],"product_tag":[],"class_list":["post-857","product","type-product","status-publish","has-post-thumbnail","hentry","product_cat-cleanser-pl","product_cat-facial-pl","product_cat-higiene-pl"],"acf":[],"aioseo_notices":[],"_links":{"self":[{"href":"https:\/\/toskani.com\/pl\/wp-json\/wp\/v2\/product\/857","targetHints":{"allow":["GET"]}}],"collection":[{"href":"https:\/\/toskani.com\/pl\/wp-json\/wp\/v2\/product"}],"about":[{"href":"https:\/\/toskani.com\/pl\/wp-json\/wp\/v2\/types\/product"}],"replies":[{"embeddable":true,"href":"https:\/\/toskani.com\/pl\/wp-json\/wp\/v2\/comments?post=857"}],"wp:featuredmedia":[{"embeddable":true,"href":"https:\/\/toskani.com\/pl\/wp-json\/wp\/v2\/media\/865"}],"wp:attachment":[{"href":"https:\/\/toskani.com\/pl\/wp-json\/wp\/v2\/media?parent=857"}],"wp:term":[{"taxonomy":"product_cat","embeddable":true,"href":"https:\/\/toskani.com\/pl\/wp-json\/wp\/v2\/product_cat?post=857"},{"taxonomy":"product_tag","embeddable":true,"href":"https:\/\/toskani.com\/pl\/wp-json\/wp\/v2\/product_tag?post=857"}],"curies":[{"name":"wp","href":"https:\/\/api.w.org\/{rel}","templated":true}]}}