{"id":849,"date":"2023-05-17T10:42:16","date_gmt":"2023-05-17T10:42:16","guid":{"rendered":"https:\/\/toskani.com\/product\/asiacen\/"},"modified":"2024-01-04T15:00:28","modified_gmt":"2024-01-04T15:00:28","slug":"asiacen","status":"publish","type":"product","link":"https:\/\/toskani.com\/pl\/product\/asiacen\/","title":{"rendered":"Asiacen"},"content":{"rendered":"<p>Ampu\u0142ki na bazie ekstrakt\u00f3w z w\u0105kroty azjatyckiej, morszczynu p\u0119cherzykowatego i bluszczu pospolitego, o dzia\u0142aniu silnie drenuj\u0105cym.<\/p>\n<p>Opakowanie zawiera 20 ampu\u0142ek po 2 ml.<\/p>\n","protected":false},"excerpt":{"rendered":"<p>Ampu\u0142ki na bazie ekstrakt\u00f3w z w\u0105kroty azjatyckiej, morszczynu p\u0119cherzykowatego i bluszczu pospolitego, o dzia\u0142aniu silnie drenuj\u0105cym. Opakowanie zawiera 20 ampu\u0142ek po 2 ml.<\/p>\n","protected":false},"featured_media":850,"comment_status":"open","ping_status":"closed","template":"","meta":[],"product_cat":[29,19,27],"product_tag":[],"class_list":["post-849","product","type-product","status-publish","has-post-thumbnail","hentry","product_cat-ampollas-pl","product_cat-antiedad-pl","product_cat-corporal-pl"],"acf":[],"aioseo_notices":[],"_links":{"self":[{"href":"https:\/\/toskani.com\/pl\/wp-json\/wp\/v2\/product\/849","targetHints":{"allow":["GET"]}}],"collection":[{"href":"https:\/\/toskani.com\/pl\/wp-json\/wp\/v2\/product"}],"about":[{"href":"https:\/\/toskani.com\/pl\/wp-json\/wp\/v2\/types\/product"}],"replies":[{"embeddable":true,"href":"https:\/\/toskani.com\/pl\/wp-json\/wp\/v2\/comments?post=849"}],"wp:featuredmedia":[{"embeddable":true,"href":"https:\/\/toskani.com\/pl\/wp-json\/wp\/v2\/media\/850"}],"wp:attachment":[{"href":"https:\/\/toskani.com\/pl\/wp-json\/wp\/v2\/media?parent=849"}],"wp:term":[{"taxonomy":"product_cat","embeddable":true,"href":"https:\/\/toskani.com\/pl\/wp-json\/wp\/v2\/product_cat?post=849"},{"taxonomy":"product_tag","embeddable":true,"href":"https:\/\/toskani.com\/pl\/wp-json\/wp\/v2\/product_tag?post=849"}],"curies":[{"name":"wp","href":"https:\/\/api.w.org\/{rel}","templated":true}]}}