{"id":841,"date":"2023-05-17T10:50:49","date_gmt":"2023-05-17T10:50:49","guid":{"rendered":"https:\/\/toskani.com\/product\/b-hidroxin\/"},"modified":"2024-01-04T14:49:36","modified_gmt":"2024-01-04T14:49:36","slug":"b-hidroxin","status":"publish","type":"product","link":"https:\/\/toskani.com\/pl\/product\/b-hidroxin\/","title":{"rendered":"B-Hidroxin"},"content":{"rendered":"<p>Ampu\u0142ki z biotyn\u0105 (witamina B8) dla wzmocnienia w\u0142os\u00f3w.<\/p>\n<p>Z\u0142a dieta, stres mog\u0105 powodowa\u0107 niedob\u00f3r biotyny, co skutkuje os\u0142abieniem i wypadaniem w\u0142os\u00f3w oraz \u0142amliwo\u015bci\u0105 paznokci. Niedob\u00f3r biotyny mo\u017ce r\u00f3wnie\u017c objawia\u0107 si\u0119 na sk\u00f3rze w postaci tr\u0105dziku i wyprysku \u0142ojotokowego. Ampu\u0142ki z biotyn\u0105 dzia\u0142aj\u0105 rewitalizuj\u0105co, wzmacniaj\u0105c w\u0142osy i paznokcie oraz poprawiaj\u0105c ich wygl\u0105d.<\/p>\n<p>Opakowanie zawiera 20 ampu\u0142ek po 2 ml.<\/p>\n","protected":false},"excerpt":{"rendered":"<p>Ampu\u0142ki z biotyn\u0105 (witamina B8) dla wzmocnienia w\u0142os\u00f3w. Z\u0142a dieta, stres mog\u0105 powodowa\u0107 niedob\u00f3r biotyny, co skutkuje os\u0142abieniem i wypadaniem w\u0142os\u00f3w oraz \u0142amliwo\u015bci\u0105 paznokci. Niedob\u00f3r biotyny mo\u017ce r\u00f3wnie\u017c objawia\u0107 si\u0119 [&hellip;]<\/p>\n","protected":false},"featured_media":842,"comment_status":"open","ping_status":"closed","template":"","meta":[],"product_cat":[29,26],"product_tag":[],"class_list":["post-841","product","type-product","status-publish","has-post-thumbnail","hentry","product_cat-ampollas-pl","product_cat-capilar-pl"],"acf":[],"aioseo_notices":[],"_links":{"self":[{"href":"https:\/\/toskani.com\/pl\/wp-json\/wp\/v2\/product\/841","targetHints":{"allow":["GET"]}}],"collection":[{"href":"https:\/\/toskani.com\/pl\/wp-json\/wp\/v2\/product"}],"about":[{"href":"https:\/\/toskani.com\/pl\/wp-json\/wp\/v2\/types\/product"}],"replies":[{"embeddable":true,"href":"https:\/\/toskani.com\/pl\/wp-json\/wp\/v2\/comments?post=841"}],"wp:featuredmedia":[{"embeddable":true,"href":"https:\/\/toskani.com\/pl\/wp-json\/wp\/v2\/media\/842"}],"wp:attachment":[{"href":"https:\/\/toskani.com\/pl\/wp-json\/wp\/v2\/media?parent=841"}],"wp:term":[{"taxonomy":"product_cat","embeddable":true,"href":"https:\/\/toskani.com\/pl\/wp-json\/wp\/v2\/product_cat?post=841"},{"taxonomy":"product_tag","embeddable":true,"href":"https:\/\/toskani.com\/pl\/wp-json\/wp\/v2\/product_tag?post=841"}],"curies":[{"name":"wp","href":"https:\/\/api.w.org\/{rel}","templated":true}]}}