{"id":777,"date":"2023-05-17T11:42:14","date_gmt":"2023-05-17T11:42:14","guid":{"rendered":"https:\/\/toskani.com\/product\/glycomax\/"},"modified":"2024-01-04T11:18:26","modified_gmt":"2024-01-04T11:18:26","slug":"glycomax","status":"publish","type":"product","link":"https:\/\/toskani.com\/pl\/product\/glycomax\/","title":{"rendered":"Glycomax"},"content":{"rendered":"<p>Ampu\u0142ki z 1% kwasem glikolowym do ka\u017cdego rodzaju sk\u00f3ry. Delikatnie z\u0142uszcza. Stymuluje odnow\u0119 kom\u00f3rkow\u0105, poprawia nawil\u017cenie i nadaje sk\u00f3rze m\u0142odszy wygl\u0105d.<\/p>\n<p>Opakowanie zawiera 20 ampu\u0142ek po 2 ml.<\/p>\n","protected":false},"excerpt":{"rendered":"<p>Ampu\u0142ki z 1% kwasem glikolowym do ka\u017cdego rodzaju sk\u00f3ry. Delikatnie z\u0142uszcza. Stymuluje odnow\u0119 kom\u00f3rkow\u0105, poprawia nawil\u017cenie i nadaje sk\u00f3rze m\u0142odszy wygl\u0105d. Opakowanie zawiera 20 ampu\u0142ek po 2 ml.<\/p>\n","protected":false},"featured_media":778,"comment_status":"open","ping_status":"closed","template":"","meta":[],"product_cat":[29,19,20],"product_tag":[],"class_list":["post-777","product","type-product","status-publish","has-post-thumbnail","hentry","product_cat-ampollas-pl","product_cat-antiedad-pl","product_cat-facial-pl"],"acf":[],"aioseo_notices":[],"_links":{"self":[{"href":"https:\/\/toskani.com\/pl\/wp-json\/wp\/v2\/product\/777","targetHints":{"allow":["GET"]}}],"collection":[{"href":"https:\/\/toskani.com\/pl\/wp-json\/wp\/v2\/product"}],"about":[{"href":"https:\/\/toskani.com\/pl\/wp-json\/wp\/v2\/types\/product"}],"replies":[{"embeddable":true,"href":"https:\/\/toskani.com\/pl\/wp-json\/wp\/v2\/comments?post=777"}],"wp:featuredmedia":[{"embeddable":true,"href":"https:\/\/toskani.com\/pl\/wp-json\/wp\/v2\/media\/778"}],"wp:attachment":[{"href":"https:\/\/toskani.com\/pl\/wp-json\/wp\/v2\/media?parent=777"}],"wp:term":[{"taxonomy":"product_cat","embeddable":true,"href":"https:\/\/toskani.com\/pl\/wp-json\/wp\/v2\/product_cat?post=777"},{"taxonomy":"product_tag","embeddable":true,"href":"https:\/\/toskani.com\/pl\/wp-json\/wp\/v2\/product_tag?post=777"}],"curies":[{"name":"wp","href":"https:\/\/api.w.org\/{rel}","templated":true}]}}