{"id":769,"date":"2023-05-17T11:43:51","date_gmt":"2023-05-17T11:43:51","guid":{"rendered":"https:\/\/toskani.com\/product\/gybilon\/"},"modified":"2024-01-04T10:28:52","modified_gmt":"2024-01-04T10:28:52","slug":"gybilon","status":"publish","type":"product","link":"https:\/\/toskani.com\/pl\/product\/gybilon\/","title":{"rendered":"Gybilon"},"content":{"rendered":"<p>Ampu\u0142ki z ekstraktem z Ginkgo biloba wzmacniaj\u0105 \u015bciany naczy\u0144 w\u0142osowatych, \u0142agodz\u0105 podra\u017cnienia i zaczerwienienia sk\u00f3ry.<\/p>\n<p>Opakowanie zawiera 20 ampu\u0142ek po 2 ml.<\/p>\n","protected":false},"excerpt":{"rendered":"<p>Ampu\u0142ki z ekstraktem z Ginkgo biloba wzmacniaj\u0105 \u015bciany naczy\u0144 w\u0142osowatych, \u0142agodz\u0105 podra\u017cnienia i zaczerwienienia sk\u00f3ry. Opakowanie zawiera 20 ampu\u0142ek po 2 ml.<\/p>\n","protected":false},"featured_media":770,"comment_status":"open","ping_status":"closed","template":"","meta":[],"product_cat":[29,26],"product_tag":[],"class_list":["post-769","product","type-product","status-publish","has-post-thumbnail","hentry","product_cat-ampollas-pl","product_cat-capilar-pl"],"acf":[],"aioseo_notices":[],"_links":{"self":[{"href":"https:\/\/toskani.com\/pl\/wp-json\/wp\/v2\/product\/769","targetHints":{"allow":["GET"]}}],"collection":[{"href":"https:\/\/toskani.com\/pl\/wp-json\/wp\/v2\/product"}],"about":[{"href":"https:\/\/toskani.com\/pl\/wp-json\/wp\/v2\/types\/product"}],"replies":[{"embeddable":true,"href":"https:\/\/toskani.com\/pl\/wp-json\/wp\/v2\/comments?post=769"}],"wp:featuredmedia":[{"embeddable":true,"href":"https:\/\/toskani.com\/pl\/wp-json\/wp\/v2\/media\/770"}],"wp:attachment":[{"href":"https:\/\/toskani.com\/pl\/wp-json\/wp\/v2\/media?parent=769"}],"wp:term":[{"taxonomy":"product_cat","embeddable":true,"href":"https:\/\/toskani.com\/pl\/wp-json\/wp\/v2\/product_cat?post=769"},{"taxonomy":"product_tag","embeddable":true,"href":"https:\/\/toskani.com\/pl\/wp-json\/wp\/v2\/product_tag?post=769"}],"curies":[{"name":"wp","href":"https:\/\/api.w.org\/{rel}","templated":true}]}}