{"id":745,"date":"2023-05-17T11:48:28","date_gmt":"2023-05-17T11:48:28","guid":{"rendered":"https:\/\/toskani.com\/product\/hyaluron-35\/"},"modified":"2024-01-04T10:03:35","modified_gmt":"2024-01-04T10:03:35","slug":"hyaluron-35","status":"publish","type":"product","link":"https:\/\/toskani.com\/pl\/product\/hyaluron-35\/","title":{"rendered":"Hyaluron 3,5"},"content":{"rendered":"<p>Ampu\u0142ki z 3,5% kwasem hialuronowym o dzia\u0142aniu nawil\u017caj\u0105cym, rewitalizuj\u0105cym i przeciwstarzeniowym.<\/p>\n<p>Kwas hialuronowy jest to zwi\u0105zek chemiczny naturalnie wyst\u0119puj\u0105cy w sk\u00f3rze, o doskona\u0142ym dzia\u0142aniu nawil\u017caj\u0105cym dzi\u0119ki wysokiej zdolno\u015bci zatrzymywania wody, do tysi\u0105ca razy wi\u0119kszej ni\u017c jego masa cz\u0105steczkowa. Stymuluje syntez\u0119 kolagenu, zapewnia sk\u00f3rze elastyczno\u015b\u0107 i pomaga zapobiega\u0107 pojawianiu si\u0119 zmarszczek.<\/p>\n","protected":false},"excerpt":{"rendered":"<p>Ampu\u0142ki z 3,5% kwasem hialuronowym o dzia\u0142aniu nawil\u017caj\u0105cym, rewitalizuj\u0105cym i przeciwstarzeniowym. Kwas hialuronowy jest to zwi\u0105zek chemiczny naturalnie wyst\u0119puj\u0105cy w sk\u00f3rze, o doskona\u0142ym dzia\u0142aniu nawil\u017caj\u0105cym dzi\u0119ki wysokiej zdolno\u015bci zatrzymywania wody, [&hellip;]<\/p>\n","protected":false},"featured_media":746,"comment_status":"open","ping_status":"closed","template":"","meta":[],"product_cat":[29,19,20],"product_tag":[],"class_list":["post-745","product","type-product","status-publish","has-post-thumbnail","hentry","product_cat-ampollas-pl","product_cat-antiedad-pl","product_cat-facial-pl"],"acf":[],"aioseo_notices":[],"_links":{"self":[{"href":"https:\/\/toskani.com\/pl\/wp-json\/wp\/v2\/product\/745","targetHints":{"allow":["GET"]}}],"collection":[{"href":"https:\/\/toskani.com\/pl\/wp-json\/wp\/v2\/product"}],"about":[{"href":"https:\/\/toskani.com\/pl\/wp-json\/wp\/v2\/types\/product"}],"replies":[{"embeddable":true,"href":"https:\/\/toskani.com\/pl\/wp-json\/wp\/v2\/comments?post=745"}],"wp:featuredmedia":[{"embeddable":true,"href":"https:\/\/toskani.com\/pl\/wp-json\/wp\/v2\/media\/746"}],"wp:attachment":[{"href":"https:\/\/toskani.com\/pl\/wp-json\/wp\/v2\/media?parent=745"}],"wp:term":[{"taxonomy":"product_cat","embeddable":true,"href":"https:\/\/toskani.com\/pl\/wp-json\/wp\/v2\/product_cat?post=745"},{"taxonomy":"product_tag","embeddable":true,"href":"https:\/\/toskani.com\/pl\/wp-json\/wp\/v2\/product_tag?post=745"}],"curies":[{"name":"wp","href":"https:\/\/api.w.org\/{rel}","templated":true}]}}