{"id":737,"date":"2023-05-17T11:54:21","date_gmt":"2023-05-17T11:54:21","guid":{"rendered":"https:\/\/toskani.com\/product\/hyaluronidase\/"},"modified":"2024-01-03T15:51:25","modified_gmt":"2024-01-03T15:51:25","slug":"hyaluronidase","status":"publish","type":"product","link":"https:\/\/toskani.com\/pl\/product\/hyaluronidase\/","title":{"rendered":"Hyaluronidase"},"content":{"rendered":"<p>Roztw\u00f3r na bazie hialuronidazy 1500 j.m. poprawiaj\u0105cy elastyczno\u015b\u0107 sk\u00f3ry.<\/p>\n","protected":false},"excerpt":{"rendered":"<p>Roztw\u00f3r na bazie hialuronidazy 1500 j.m. poprawiaj\u0105cy elastyczno\u015b\u0107 sk\u00f3ry.<\/p>\n","protected":false},"featured_media":738,"comment_status":"open","ping_status":"closed","template":"","meta":[],"product_cat":[29,27],"product_tag":[],"class_list":["post-737","product","type-product","status-publish","has-post-thumbnail","hentry","product_cat-ampollas-pl","product_cat-corporal-pl"],"acf":[],"aioseo_notices":[],"_links":{"self":[{"href":"https:\/\/toskani.com\/pl\/wp-json\/wp\/v2\/product\/737","targetHints":{"allow":["GET"]}}],"collection":[{"href":"https:\/\/toskani.com\/pl\/wp-json\/wp\/v2\/product"}],"about":[{"href":"https:\/\/toskani.com\/pl\/wp-json\/wp\/v2\/types\/product"}],"replies":[{"embeddable":true,"href":"https:\/\/toskani.com\/pl\/wp-json\/wp\/v2\/comments?post=737"}],"wp:featuredmedia":[{"embeddable":true,"href":"https:\/\/toskani.com\/pl\/wp-json\/wp\/v2\/media\/738"}],"wp:attachment":[{"href":"https:\/\/toskani.com\/pl\/wp-json\/wp\/v2\/media?parent=737"}],"wp:term":[{"taxonomy":"product_cat","embeddable":true,"href":"https:\/\/toskani.com\/pl\/wp-json\/wp\/v2\/product_cat?post=737"},{"taxonomy":"product_tag","embeddable":true,"href":"https:\/\/toskani.com\/pl\/wp-json\/wp\/v2\/product_tag?post=737"}],"curies":[{"name":"wp","href":"https:\/\/api.w.org\/{rel}","templated":true}]}}