{"id":721,"date":"2023-05-17T11:59:51","date_gmt":"2023-05-17T11:59:51","guid":{"rendered":"https:\/\/toskani.com\/product\/levocarnicel\/"},"modified":"2024-01-03T15:13:11","modified_gmt":"2024-01-03T15:13:11","slug":"levocarnicel","status":"publish","type":"product","link":"https:\/\/toskani.com\/pl\/product\/levocarnicel\/","title":{"rendered":"Levocarnicel"},"content":{"rendered":"<p>Ampu\u0142ki z L-karnityn\u0105 o dzia\u0142aniu rewitalizuj\u0105cym i uj\u0119drniaj\u0105cym. Poprawiaj\u0105 wygl\u0105d sk\u00f3ry, modeluj\u0105 sylwetk\u0119 i zapewniaj\u0105 efekt lipolityczny.<\/p>\n<p>Opakowanie zawiera 20 ampu\u0142ek po 5 ml.<\/p>\n","protected":false},"excerpt":{"rendered":"<p>Ampu\u0142ki z L-karnityn\u0105 o dzia\u0142aniu rewitalizuj\u0105cym i uj\u0119drniaj\u0105cym. Poprawiaj\u0105 wygl\u0105d sk\u00f3ry, modeluj\u0105 sylwetk\u0119 i zapewniaj\u0105 efekt lipolityczny. Opakowanie zawiera 20 ampu\u0142ek po 5 ml.<\/p>\n","protected":false},"featured_media":722,"comment_status":"open","ping_status":"closed","template":"","meta":[],"product_cat":[29,27],"product_tag":[],"class_list":["post-721","product","type-product","status-publish","has-post-thumbnail","hentry","product_cat-ampollas-pl","product_cat-corporal-pl"],"acf":[],"aioseo_notices":[],"_links":{"self":[{"href":"https:\/\/toskani.com\/pl\/wp-json\/wp\/v2\/product\/721","targetHints":{"allow":["GET"]}}],"collection":[{"href":"https:\/\/toskani.com\/pl\/wp-json\/wp\/v2\/product"}],"about":[{"href":"https:\/\/toskani.com\/pl\/wp-json\/wp\/v2\/types\/product"}],"replies":[{"embeddable":true,"href":"https:\/\/toskani.com\/pl\/wp-json\/wp\/v2\/comments?post=721"}],"wp:featuredmedia":[{"embeddable":true,"href":"https:\/\/toskani.com\/pl\/wp-json\/wp\/v2\/media\/722"}],"wp:attachment":[{"href":"https:\/\/toskani.com\/pl\/wp-json\/wp\/v2\/media?parent=721"}],"wp:term":[{"taxonomy":"product_cat","embeddable":true,"href":"https:\/\/toskani.com\/pl\/wp-json\/wp\/v2\/product_cat?post=721"},{"taxonomy":"product_tag","embeddable":true,"href":"https:\/\/toskani.com\/pl\/wp-json\/wp\/v2\/product_tag?post=721"}],"curies":[{"name":"wp","href":"https:\/\/api.w.org\/{rel}","templated":true}]}}