{"id":713,"date":"2023-05-17T12:01:28","date_gmt":"2023-05-17T12:01:28","guid":{"rendered":"https:\/\/toskani.com\/product\/lumicen-gel\/"},"modified":"2024-01-03T15:04:19","modified_gmt":"2024-01-03T15:04:19","slug":"lumicen-gel","status":"publish","type":"product","link":"https:\/\/toskani.com\/pl\/product\/lumicen-gel\/","title":{"rendered":"Lumicen Gel"},"content":{"rendered":"<p class=\"p1\">Wysoko spolimeryzowana s\u00f3l sodowa DNA. Chroni kom\u00f3rki przed stresem oksydacyjnym i dzia\u0142a silnie przeciwstarzeniowo.<\/p>\n<p class=\"p1\">DNA sodu zwi\u0119ksza syntez\u0119 endogennego kwasu hialuronowego i zwalcza degradacj\u0119 kolagenu spowodowan\u0105 czynnikami zewn\u0119trznymi i stresem oksydacyjnym. Efektem dzia\u0142ania\u00a0 jest zregenerowana, nawil\u017cona i elastyczna sk\u00f3ra.<\/p>\n","protected":false},"excerpt":{"rendered":"<p>Wysoko spolimeryzowana s\u00f3l sodowa DNA. Chroni kom\u00f3rki przed stresem oksydacyjnym i dzia\u0142a silnie przeciwstarzeniowo. DNA sodu zwi\u0119ksza syntez\u0119 endogennego kwasu hialuronowego i zwalcza degradacj\u0119 kolagenu spowodowan\u0105 czynnikami zewn\u0119trznymi i stresem [&hellip;]<\/p>\n","protected":false},"featured_media":714,"comment_status":"open","ping_status":"closed","template":"","meta":[],"product_cat":[29,19,20],"product_tag":[],"class_list":["post-713","product","type-product","status-publish","has-post-thumbnail","hentry","product_cat-ampollas-pl","product_cat-antiedad-pl","product_cat-facial-pl"],"acf":[],"aioseo_notices":[],"_links":{"self":[{"href":"https:\/\/toskani.com\/pl\/wp-json\/wp\/v2\/product\/713","targetHints":{"allow":["GET"]}}],"collection":[{"href":"https:\/\/toskani.com\/pl\/wp-json\/wp\/v2\/product"}],"about":[{"href":"https:\/\/toskani.com\/pl\/wp-json\/wp\/v2\/types\/product"}],"replies":[{"embeddable":true,"href":"https:\/\/toskani.com\/pl\/wp-json\/wp\/v2\/comments?post=713"}],"wp:featuredmedia":[{"embeddable":true,"href":"https:\/\/toskani.com\/pl\/wp-json\/wp\/v2\/media\/714"}],"wp:attachment":[{"href":"https:\/\/toskani.com\/pl\/wp-json\/wp\/v2\/media?parent=713"}],"wp:term":[{"taxonomy":"product_cat","embeddable":true,"href":"https:\/\/toskani.com\/pl\/wp-json\/wp\/v2\/product_cat?post=713"},{"taxonomy":"product_tag","embeddable":true,"href":"https:\/\/toskani.com\/pl\/wp-json\/wp\/v2\/product_tag?post=713"}],"curies":[{"name":"wp","href":"https:\/\/api.w.org\/{rel}","templated":true}]}}