{"id":689,"date":"2023-05-17T12:06:19","date_gmt":"2023-05-17T12:06:19","guid":{"rendered":"https:\/\/toskani.com\/product\/phosphocol\/"},"modified":"2023-12-29T13:48:28","modified_gmt":"2023-12-29T13:48:28","slug":"phosphocol","status":"publish","type":"product","link":"https:\/\/toskani.com\/pl\/product\/phosphocol\/","title":{"rendered":"Phosphocol"},"content":{"rendered":"<p>Phosphocol jest stosowany w przypadku ma\u0142ych, zlokalizowanych z\u0142og\u00f3w t\u0142uszczu u os\u00f3b z normaln\u0105 lub lekko podwy\u017cszon\u0105 wag\u0105. Podaje si\u0119 go w przypadku niewielkich, zlokalizowanych lipodystrofii (plecy, ramiona,<br \/>\nbrzuch, t\u0142uszcz na udach). Jest to bardzo skuteczne narz\u0119dzie w korygowaniu niewielkich, zlokalizowanych nadmiar\u00f3w tkanki t\u0142uszczowej.<\/p>\n","protected":false},"excerpt":{"rendered":"<p>Phosphocol jest stosowany w przypadku ma\u0142ych, zlokalizowanych z\u0142og\u00f3w t\u0142uszczu u os\u00f3b z normaln\u0105 lub lekko podwy\u017cszon\u0105 wag\u0105. Podaje si\u0119 go w przypadku niewielkich, zlokalizowanych lipodystrofii (plecy, ramiona, brzuch, t\u0142uszcz na [&hellip;]<\/p>\n","protected":false},"featured_media":690,"comment_status":"open","ping_status":"closed","template":"","meta":[],"product_cat":[29,27],"product_tag":[],"class_list":["post-689","product","type-product","status-publish","has-post-thumbnail","hentry","product_cat-ampollas-pl","product_cat-corporal-pl"],"acf":[],"aioseo_notices":[],"_links":{"self":[{"href":"https:\/\/toskani.com\/pl\/wp-json\/wp\/v2\/product\/689","targetHints":{"allow":["GET"]}}],"collection":[{"href":"https:\/\/toskani.com\/pl\/wp-json\/wp\/v2\/product"}],"about":[{"href":"https:\/\/toskani.com\/pl\/wp-json\/wp\/v2\/types\/product"}],"replies":[{"embeddable":true,"href":"https:\/\/toskani.com\/pl\/wp-json\/wp\/v2\/comments?post=689"}],"wp:featuredmedia":[{"embeddable":true,"href":"https:\/\/toskani.com\/pl\/wp-json\/wp\/v2\/media\/690"}],"wp:attachment":[{"href":"https:\/\/toskani.com\/pl\/wp-json\/wp\/v2\/media?parent=689"}],"wp:term":[{"taxonomy":"product_cat","embeddable":true,"href":"https:\/\/toskani.com\/pl\/wp-json\/wp\/v2\/product_cat?post=689"},{"taxonomy":"product_tag","embeddable":true,"href":"https:\/\/toskani.com\/pl\/wp-json\/wp\/v2\/product_tag?post=689"}],"curies":[{"name":"wp","href":"https:\/\/api.w.org\/{rel}","templated":true}]}}