{"id":673,"date":"2023-05-17T12:11:17","date_gmt":"2023-05-17T12:11:17","guid":{"rendered":"https:\/\/toskani.com\/product\/polivitamin-bcae\/"},"modified":"2023-12-29T12:52:15","modified_gmt":"2023-12-29T12:52:15","slug":"polivitamin-bcae","status":"publish","type":"product","link":"https:\/\/toskani.com\/pl\/product\/polivitamin-bcae\/","title":{"rendered":"Polivitamin BCAE"},"content":{"rendered":"<p>Polivitamin BCAE to koktajl witamin, kt\u00f3re od\u017cywiaj\u0105 i regeneruj\u0105 sk\u00f3r\u0119, chroni\u0105 przed promieniami UV i stresem oksydacyjnym, jednocze\u015bnie wspomagaj\u0105c odnow\u0119 kom\u00f3rkow\u0105.<\/p>\n","protected":false},"excerpt":{"rendered":"<p>Polivitamin BCAE to koktajl witamin, kt\u00f3re od\u017cywiaj\u0105 i regeneruj\u0105 sk\u00f3r\u0119, chroni\u0105 przed promieniami UV i stresem oksydacyjnym, jednocze\u015bnie wspomagaj\u0105c odnow\u0119 kom\u00f3rkow\u0105.<\/p>\n","protected":false},"featured_media":674,"comment_status":"open","ping_status":"closed","template":"","meta":[],"product_cat":[29,20,30],"product_tag":[],"class_list":["post-673","product","type-product","status-publish","has-post-thumbnail","hentry","product_cat-ampollas-pl","product_cat-facial-pl","product_cat-proteccion-pl"],"acf":[],"aioseo_notices":[],"_links":{"self":[{"href":"https:\/\/toskani.com\/pl\/wp-json\/wp\/v2\/product\/673","targetHints":{"allow":["GET"]}}],"collection":[{"href":"https:\/\/toskani.com\/pl\/wp-json\/wp\/v2\/product"}],"about":[{"href":"https:\/\/toskani.com\/pl\/wp-json\/wp\/v2\/types\/product"}],"replies":[{"embeddable":true,"href":"https:\/\/toskani.com\/pl\/wp-json\/wp\/v2\/comments?post=673"}],"wp:featuredmedia":[{"embeddable":true,"href":"https:\/\/toskani.com\/pl\/wp-json\/wp\/v2\/media\/674"}],"wp:attachment":[{"href":"https:\/\/toskani.com\/pl\/wp-json\/wp\/v2\/media?parent=673"}],"wp:term":[{"taxonomy":"product_cat","embeddable":true,"href":"https:\/\/toskani.com\/pl\/wp-json\/wp\/v2\/product_cat?post=673"},{"taxonomy":"product_tag","embeddable":true,"href":"https:\/\/toskani.com\/pl\/wp-json\/wp\/v2\/product_tag?post=673"}],"curies":[{"name":"wp","href":"https:\/\/api.w.org\/{rel}","templated":true}]}}