{"id":658,"date":"2023-06-21T11:03:42","date_gmt":"2023-06-21T11:03:42","guid":{"rendered":"https:\/\/toskani.com\/product\/mesojectgun\/"},"modified":"2024-01-05T10:11:16","modified_gmt":"2024-01-05T10:11:16","slug":"mesojectgun","status":"publish","type":"product","link":"https:\/\/toskani.com\/pl\/product\/mesojectgun\/","title":{"rendered":"MESOJECTGUN"},"content":{"rendered":"<p>MesojectGun to urz\u0105dzenie do meziterapii bezig\u0142owej wykorzystuj\u0105ce technologi\u0119 Pulse Booster.<\/p>\n<p>Technologia Pulse Booster: elektrostymulacja + mikroabrazja.<\/p>\n<ul>\n<li>Precyzyjna i bezbolesna technika wprowadzania substancji aktywnych, bez igie\u0142.<\/li>\n<li>Lekki i \u0142atwy w u\u017cyciu uchwyt.<\/li>\n<li>Szeroki zakres zabieg\u00f3w: twarz, cia\u0142o i w\u0142osy.<\/li>\n<li>Rezultaty widoczne od razu po zabiegu.<\/li>\n<\/ul>\n<p>Technologia Pulse Booster: Technologia Pulse Booster dzia\u0142a poprzez po\u0142\u0105czenie elektrostymulacji i mikroabrazji, precyzyjnie i bezpiecznie dostarcza sk\u0142adnik\u00f3w aktywnych w g\u0142\u0105b sk\u00f3ry.<\/p>\n<p>Elektrostymulacja sk\u00f3ry: Nieinwazyjne dostarczanie sk\u0142adnik\u00f3w aktywnych poprzez idealne kwadratow\u0105 fale o niskiej cz\u0119stotliwo\u015bci i niskim napi\u0119ciu.<\/p>\n<p>Mikrabrazja: Dzi\u0119ki mikrowypustkom na g\u0142owicach uzyskujemy powierzchowne z\u0142uszczenie warstwy rogowej, co pozwala na szybsze wnikanie substancji aktywnych oraz dodatkowo stymuluje sk\u00f3r\u0119 do regeneracji.<\/p>\n","protected":false},"excerpt":{"rendered":"<p>MesojectGun to urz\u0105dzenie do meziterapii bezig\u0142owej wykorzystuj\u0105ce technologi\u0119 Pulse Booster. Technologia Pulse Booster: elektrostymulacja + mikroabrazja. Precyzyjna i bezbolesna technika wprowadzania substancji aktywnych, bez igie\u0142. Lekki i \u0142atwy w u\u017cyciu [&hellip;]<\/p>\n","protected":false},"featured_media":666,"comment_status":"open","ping_status":"closed","template":"","meta":[],"product_cat":[26,27,28,20],"product_tag":[],"class_list":["post-658","product","type-product","status-publish","has-post-thumbnail","hentry","product_cat-capilar-pl","product_cat-corporal-pl","product_cat-dispositivo-pl","product_cat-facial-pl"],"acf":[],"aioseo_notices":[],"_links":{"self":[{"href":"https:\/\/toskani.com\/pl\/wp-json\/wp\/v2\/product\/658","targetHints":{"allow":["GET"]}}],"collection":[{"href":"https:\/\/toskani.com\/pl\/wp-json\/wp\/v2\/product"}],"about":[{"href":"https:\/\/toskani.com\/pl\/wp-json\/wp\/v2\/types\/product"}],"replies":[{"embeddable":true,"href":"https:\/\/toskani.com\/pl\/wp-json\/wp\/v2\/comments?post=658"}],"wp:featuredmedia":[{"embeddable":true,"href":"https:\/\/toskani.com\/pl\/wp-json\/wp\/v2\/media\/666"}],"wp:attachment":[{"href":"https:\/\/toskani.com\/pl\/wp-json\/wp\/v2\/media?parent=658"}],"wp:term":[{"taxonomy":"product_cat","embeddable":true,"href":"https:\/\/toskani.com\/pl\/wp-json\/wp\/v2\/product_cat?post=658"},{"taxonomy":"product_tag","embeddable":true,"href":"https:\/\/toskani.com\/pl\/wp-json\/wp\/v2\/product_tag?post=658"}],"curies":[{"name":"wp","href":"https:\/\/api.w.org\/{rel}","templated":true}]}}