{"id":586,"date":"2023-09-06T10:49:09","date_gmt":"2023-09-06T10:49:09","guid":{"rendered":"https:\/\/toskani.com\/product\/retin-pro-age-advanced-cream\/"},"modified":"2023-12-27T14:01:26","modified_gmt":"2023-12-27T14:01:26","slug":"retin-pro-age-advanced-cream","status":"publish","type":"product","link":"https:\/\/toskani.com\/pl\/product\/retin-pro-age-advanced-cream\/","title":{"rendered":"Retin Pro Age Advanced Krem"},"content":{"rendered":"<p>Od\u017cywczy krem o lekkiej konsystencji. Zawiera kwas hialuronowy i retinowy oraz retinol pochodzenia ro\u015blinnego, dzia\u0142a przeciwzmarszczkowo, wyg\u0142adza niedoskona\u0142o\u015bci i ujednolica koloryt.<\/p>\n","protected":false},"excerpt":{"rendered":"<p>Od\u017cywczy krem o lekkiej konsystencji. Zawiera kwas hialuronowy i retinowy oraz retinol pochodzenia ro\u015blinnego, dzia\u0142a przeciwzmarszczkowo, wyg\u0142adza niedoskona\u0142o\u015bci i ujednolica koloryt.<\/p>\n","protected":false},"featured_media":587,"comment_status":"open","ping_status":"closed","template":"","meta":[],"product_cat":[19,22,20],"product_tag":[],"class_list":["post-586","product","type-product","status-publish","has-post-thumbnail","hentry","product_cat-antiedad-pl","product_cat-cremas-pl","product_cat-facial-pl"],"acf":[],"aioseo_notices":[],"_links":{"self":[{"href":"https:\/\/toskani.com\/pl\/wp-json\/wp\/v2\/product\/586","targetHints":{"allow":["GET"]}}],"collection":[{"href":"https:\/\/toskani.com\/pl\/wp-json\/wp\/v2\/product"}],"about":[{"href":"https:\/\/toskani.com\/pl\/wp-json\/wp\/v2\/types\/product"}],"replies":[{"embeddable":true,"href":"https:\/\/toskani.com\/pl\/wp-json\/wp\/v2\/comments?post=586"}],"wp:featuredmedia":[{"embeddable":true,"href":"https:\/\/toskani.com\/pl\/wp-json\/wp\/v2\/media\/587"}],"wp:attachment":[{"href":"https:\/\/toskani.com\/pl\/wp-json\/wp\/v2\/media?parent=586"}],"wp:term":[{"taxonomy":"product_cat","embeddable":true,"href":"https:\/\/toskani.com\/pl\/wp-json\/wp\/v2\/product_cat?post=586"},{"taxonomy":"product_tag","embeddable":true,"href":"https:\/\/toskani.com\/pl\/wp-json\/wp\/v2\/product_tag?post=586"}],"curies":[{"name":"wp","href":"https:\/\/api.w.org\/{rel}","templated":true}]}}