{"id":1169,"date":"2023-03-06T09:25:10","date_gmt":"2023-03-06T09:25:10","guid":{"rendered":"https:\/\/toskani.com\/product\/total-recovery-gel\/"},"modified":"2024-01-10T09:58:22","modified_gmt":"2024-01-10T09:58:22","slug":"total-recovery-gel","status":"publish","type":"product","link":"https:\/\/toskani.com\/pl\/product\/total-recovery-gel\/","title":{"rendered":"Total Recovery Gel"},"content":{"rendered":"<p>Regeneruj\u0105cy, nawil\u017caj\u0105cy i koj\u0105cy \u017cel z aloesem. Lekka konsystencja. Total Recovery Gel przyspiesza proces regeneracji podra\u017cnionej lub spierzchni\u0119tej sk\u00f3ry. Odpowiedni do twarzy i cia\u0142a.<\/p>\n","protected":false},"excerpt":{"rendered":"<p>Regeneruj\u0105cy, nawil\u017caj\u0105cy i koj\u0105cy \u017cel z aloesem. Lekka konsystencja. Total Recovery Gel przyspiesza proces regeneracji podra\u017cnionej lub spierzchni\u0119tej sk\u00f3ry. Odpowiedni do twarzy i cia\u0142a.<\/p>\n","protected":false},"featured_media":1177,"comment_status":"open","ping_status":"closed","template":"","meta":[],"product_cat":[22,20,35],"product_tag":[],"class_list":["post-1169","product","type-product","status-publish","has-post-thumbnail","hentry","product_cat-cremas-pl","product_cat-facial-pl","product_cat-reparar-pl"],"acf":[],"aioseo_notices":[],"_links":{"self":[{"href":"https:\/\/toskani.com\/pl\/wp-json\/wp\/v2\/product\/1169","targetHints":{"allow":["GET"]}}],"collection":[{"href":"https:\/\/toskani.com\/pl\/wp-json\/wp\/v2\/product"}],"about":[{"href":"https:\/\/toskani.com\/pl\/wp-json\/wp\/v2\/types\/product"}],"replies":[{"embeddable":true,"href":"https:\/\/toskani.com\/pl\/wp-json\/wp\/v2\/comments?post=1169"}],"wp:featuredmedia":[{"embeddable":true,"href":"https:\/\/toskani.com\/pl\/wp-json\/wp\/v2\/media\/1177"}],"wp:attachment":[{"href":"https:\/\/toskani.com\/pl\/wp-json\/wp\/v2\/media?parent=1169"}],"wp:term":[{"taxonomy":"product_cat","embeddable":true,"href":"https:\/\/toskani.com\/pl\/wp-json\/wp\/v2\/product_cat?post=1169"},{"taxonomy":"product_tag","embeddable":true,"href":"https:\/\/toskani.com\/pl\/wp-json\/wp\/v2\/product_tag?post=1169"}],"curies":[{"name":"wp","href":"https:\/\/api.w.org\/{rel}","templated":true}]}}