{"id":1161,"date":"2023-03-06T12:56:33","date_gmt":"2023-03-06T12:56:33","guid":{"rendered":"https:\/\/toskani.com\/product\/antipollution-ampoule\/"},"modified":"2024-01-10T09:35:16","modified_gmt":"2024-01-10T09:35:16","slug":"antipollution-ampoule","status":"publish","type":"product","link":"https:\/\/toskani.com\/pl\/product\/antipollution-ampoule\/","title":{"rendered":"Antipollution ampoule"},"content":{"rendered":"<p>Intensywny preparat do codziennego stosowania o dzia\u0142aniu ochronnym. Zawiera glutation, kt\u00f3ry hamuje stres oksydacyjny, wspomaga regeneracj\u0119 kom\u00f3rek i stymuluje syntez\u0119 kolagenu. Zawiera r\u00f3wnie\u017c witaminy i cukry, kt\u00f3re pomagaj\u0105 zmniejszy\u0107 podra\u017cnienia i zapobiegaj\u0105 pojawianiu si\u0119 wyprysk\u00f3w i zmarszczek spowodowanych zanieczyszczeniem i fotostarzeniem.<\/p>\n<p>Opakowanie zawiera 15 ampu\u0142ek po 2 ml.<\/p>\n","protected":false},"excerpt":{"rendered":"<p>Intensywny preparat do codziennego stosowania o dzia\u0142aniu ochronnym. Zawiera glutation, kt\u00f3ry hamuje stres oksydacyjny, wspomaga regeneracj\u0119 kom\u00f3rek i stymuluje syntez\u0119 kolagenu. Zawiera r\u00f3wnie\u017c witaminy i cukry, kt\u00f3re pomagaj\u0105 zmniejszy\u0107 podra\u017cnienia [&hellip;]<\/p>\n","protected":false},"featured_media":1162,"comment_status":"open","ping_status":"closed","template":"","meta":[],"product_cat":[29,20,30],"product_tag":[],"class_list":["post-1161","product","type-product","status-publish","has-post-thumbnail","hentry","product_cat-ampollas-pl","product_cat-facial-pl","product_cat-proteccion-pl"],"acf":[],"aioseo_notices":[],"_links":{"self":[{"href":"https:\/\/toskani.com\/pl\/wp-json\/wp\/v2\/product\/1161","targetHints":{"allow":["GET"]}}],"collection":[{"href":"https:\/\/toskani.com\/pl\/wp-json\/wp\/v2\/product"}],"about":[{"href":"https:\/\/toskani.com\/pl\/wp-json\/wp\/v2\/types\/product"}],"replies":[{"embeddable":true,"href":"https:\/\/toskani.com\/pl\/wp-json\/wp\/v2\/comments?post=1161"}],"wp:featuredmedia":[{"embeddable":true,"href":"https:\/\/toskani.com\/pl\/wp-json\/wp\/v2\/media\/1162"}],"wp:attachment":[{"href":"https:\/\/toskani.com\/pl\/wp-json\/wp\/v2\/media?parent=1161"}],"wp:term":[{"taxonomy":"product_cat","embeddable":true,"href":"https:\/\/toskani.com\/pl\/wp-json\/wp\/v2\/product_cat?post=1161"},{"taxonomy":"product_tag","embeddable":true,"href":"https:\/\/toskani.com\/pl\/wp-json\/wp\/v2\/product_tag?post=1161"}],"curies":[{"name":"wp","href":"https:\/\/api.w.org\/{rel}","templated":true}]}}