{"id":1153,"date":"2023-03-06T13:45:04","date_gmt":"2023-03-06T13:45:04","guid":{"rendered":"https:\/\/toskani.com\/product\/antiaging-eye-contour\/"},"modified":"2024-01-10T09:12:46","modified_gmt":"2024-01-10T09:12:46","slug":"antiaging-eye-contour","status":"publish","type":"product","link":"https:\/\/toskani.com\/pl\/product\/antiaging-eye-contour\/","title":{"rendered":"Antiaging eye contour"},"content":{"rendered":"<p>Serum nawil\u017caj\u0105ce opracowane specjalnie do stosowania na delikatn\u0105 sk\u00f3r\u0119 wok\u00f3\u0142 oczu. Zapobiega utracie j\u0119drno\u015bci, op\u00f3\u017ania procesy starzenia, wyg\u0142adza i zmniejsza ju\u017c powsta\u0142e zmarszczki i linie mimiczne. Nadaje sk\u00f3rze m\u0142odszy, zdrowszy wygl\u0105d.<\/p>\n","protected":false},"excerpt":{"rendered":"<p>Serum nawil\u017caj\u0105ce opracowane specjalnie do stosowania na delikatn\u0105 sk\u00f3r\u0119 wok\u00f3\u0142 oczu. Zapobiega utracie j\u0119drno\u015bci, op\u00f3\u017ania procesy starzenia, wyg\u0142adza i zmniejsza ju\u017c powsta\u0142e zmarszczki i linie mimiczne. Nadaje sk\u00f3rze m\u0142odszy, zdrowszy [&hellip;]<\/p>\n","protected":false},"featured_media":1154,"comment_status":"open","ping_status":"closed","template":"","meta":[],"product_cat":[19,23,20],"product_tag":[],"class_list":["post-1153","product","type-product","status-publish","has-post-thumbnail","hentry","product_cat-antiedad-pl","product_cat-contorno-de-ojos-pl","product_cat-facial-pl"],"acf":[],"aioseo_notices":[],"_links":{"self":[{"href":"https:\/\/toskani.com\/pl\/wp-json\/wp\/v2\/product\/1153","targetHints":{"allow":["GET"]}}],"collection":[{"href":"https:\/\/toskani.com\/pl\/wp-json\/wp\/v2\/product"}],"about":[{"href":"https:\/\/toskani.com\/pl\/wp-json\/wp\/v2\/types\/product"}],"replies":[{"embeddable":true,"href":"https:\/\/toskani.com\/pl\/wp-json\/wp\/v2\/comments?post=1153"}],"wp:featuredmedia":[{"embeddable":true,"href":"https:\/\/toskani.com\/pl\/wp-json\/wp\/v2\/media\/1154"}],"wp:attachment":[{"href":"https:\/\/toskani.com\/pl\/wp-json\/wp\/v2\/media?parent=1153"}],"wp:term":[{"taxonomy":"product_cat","embeddable":true,"href":"https:\/\/toskani.com\/pl\/wp-json\/wp\/v2\/product_cat?post=1153"},{"taxonomy":"product_tag","embeddable":true,"href":"https:\/\/toskani.com\/pl\/wp-json\/wp\/v2\/product_tag?post=1153"}],"curies":[{"name":"wp","href":"https:\/\/api.w.org\/{rel}","templated":true}]}}