{"id":1145,"date":"2023-03-06T15:22:22","date_gmt":"2023-03-06T15:22:22","guid":{"rendered":"https:\/\/toskani.com\/product\/antipollution-total-defense-cream\/"},"modified":"2024-01-10T10:02:07","modified_gmt":"2024-01-10T10:02:07","slug":"antipollution-total-defense-cream","status":"publish","type":"product","link":"https:\/\/toskani.com\/pl\/product\/antipollution-total-defense-cream\/","title":{"rendered":"Antipollution Total Defense Cream"},"content":{"rendered":"<p>Intensywnie piel\u0119gnuj\u0105cy krem, kt\u00f3ry chroni sk\u00f3r\u0119 przed codziennymi szkodliwymi czynnikami \u015brodowiskowymi odpowiedzialnymi za przedwczesne starzenie. Zawiera filtry, kt\u00f3re zapewniaj\u0105 pe\u0142n\u0105 ochron\u0119 przed promieniami ultrafioletowymi i niebieskim \u015bwiat\u0142em z ekran\u00f3w. Chroni r\u00f3wnie\u017c sk\u00f3r\u0119 przed zanieczyszczeniami i wolnymi rodnikami oraz wspomaga procesy regeneracji kom\u00f3rek.<\/p>\n<p>Efektem jest nawil\u017cona, naprawiona i chroniona sk\u00f3ra.<\/p>\n","protected":false},"excerpt":{"rendered":"<p>Intensywnie piel\u0119gnuj\u0105cy krem, kt\u00f3ry chroni sk\u00f3r\u0119 przed codziennymi szkodliwymi czynnikami \u015brodowiskowymi odpowiedzialnymi za przedwczesne starzenie. Zawiera filtry, kt\u00f3re zapewniaj\u0105 pe\u0142n\u0105 ochron\u0119 przed promieniami ultrafioletowymi i niebieskim \u015bwiat\u0142em z ekran\u00f3w. Chroni [&hellip;]<\/p>\n","protected":false},"featured_media":1146,"comment_status":"open","ping_status":"closed","template":"","meta":[],"product_cat":[22,20,30],"product_tag":[],"class_list":["post-1145","product","type-product","status-publish","has-post-thumbnail","hentry","product_cat-cremas-pl","product_cat-facial-pl","product_cat-proteccion-pl"],"acf":[],"aioseo_notices":[],"_links":{"self":[{"href":"https:\/\/toskani.com\/pl\/wp-json\/wp\/v2\/product\/1145","targetHints":{"allow":["GET"]}}],"collection":[{"href":"https:\/\/toskani.com\/pl\/wp-json\/wp\/v2\/product"}],"about":[{"href":"https:\/\/toskani.com\/pl\/wp-json\/wp\/v2\/types\/product"}],"replies":[{"embeddable":true,"href":"https:\/\/toskani.com\/pl\/wp-json\/wp\/v2\/comments?post=1145"}],"wp:featuredmedia":[{"embeddable":true,"href":"https:\/\/toskani.com\/pl\/wp-json\/wp\/v2\/media\/1146"}],"wp:attachment":[{"href":"https:\/\/toskani.com\/pl\/wp-json\/wp\/v2\/media?parent=1145"}],"wp:term":[{"taxonomy":"product_cat","embeddable":true,"href":"https:\/\/toskani.com\/pl\/wp-json\/wp\/v2\/product_cat?post=1145"},{"taxonomy":"product_tag","embeddable":true,"href":"https:\/\/toskani.com\/pl\/wp-json\/wp\/v2\/product_tag?post=1145"}],"curies":[{"name":"wp","href":"https:\/\/api.w.org\/{rel}","templated":true}]}}