{"id":1137,"date":"2023-03-06T15:32:43","date_gmt":"2023-03-06T15:32:43","guid":{"rendered":"https:\/\/toskani.com\/product\/anti-ageing-ha-ampoule\/"},"modified":"2024-01-09T23:28:19","modified_gmt":"2024-01-09T23:28:19","slug":"anti-ageing-ha-ampoule","status":"publish","type":"product","link":"https:\/\/toskani.com\/pl\/product\/anti-ageing-ha-ampoule\/","title":{"rendered":"Anti-ageing + HA Ampoule"},"content":{"rendered":"<p>Intensywny preparat do codziennej piel\u0119gnacji zwalczaj\u0105cy oznaki starzenia. Formu\u0142a oparta na kwasie hialuronowym, probiotykach i peptydach zapewnia natychmiastowe nawil\u017cenie, jednocze\u015bnie pomaga zmniejszy\u0107 widoczno\u015b\u0107 zmarszczek i oznak zm\u0119czenia. Sk\u00f3ra wygl\u0105da na g\u0142adsz\u0105, m\u0142odsz\u0105 i bardziej roz\u015bwietlon\u0105.<\/p>\n<p>Opakowanie zawiera 15 ampu\u0142ek po 2 ml.<\/p>\n","protected":false},"excerpt":{"rendered":"<p>Intensywny preparat do codziennej piel\u0119gnacji zwalczaj\u0105cy oznaki starzenia. Formu\u0142a oparta na kwasie hialuronowym, probiotykach i peptydach zapewnia natychmiastowe nawil\u017cenie, jednocze\u015bnie pomaga zmniejszy\u0107 widoczno\u015b\u0107 zmarszczek i oznak zm\u0119czenia. Sk\u00f3ra wygl\u0105da na [&hellip;]<\/p>\n","protected":false},"featured_media":1138,"comment_status":"open","ping_status":"closed","template":"","meta":[],"product_cat":[29,19,20],"product_tag":[],"class_list":["post-1137","product","type-product","status-publish","has-post-thumbnail","hentry","product_cat-ampollas-pl","product_cat-antiedad-pl","product_cat-facial-pl"],"acf":[],"aioseo_notices":[],"_links":{"self":[{"href":"https:\/\/toskani.com\/pl\/wp-json\/wp\/v2\/product\/1137","targetHints":{"allow":["GET"]}}],"collection":[{"href":"https:\/\/toskani.com\/pl\/wp-json\/wp\/v2\/product"}],"about":[{"href":"https:\/\/toskani.com\/pl\/wp-json\/wp\/v2\/types\/product"}],"replies":[{"embeddable":true,"href":"https:\/\/toskani.com\/pl\/wp-json\/wp\/v2\/comments?post=1137"}],"wp:featuredmedia":[{"embeddable":true,"href":"https:\/\/toskani.com\/pl\/wp-json\/wp\/v2\/media\/1138"}],"wp:attachment":[{"href":"https:\/\/toskani.com\/pl\/wp-json\/wp\/v2\/media?parent=1137"}],"wp:term":[{"taxonomy":"product_cat","embeddable":true,"href":"https:\/\/toskani.com\/pl\/wp-json\/wp\/v2\/product_cat?post=1137"},{"taxonomy":"product_tag","embeddable":true,"href":"https:\/\/toskani.com\/pl\/wp-json\/wp\/v2\/product_tag?post=1137"}],"curies":[{"name":"wp","href":"https:\/\/api.w.org\/{rel}","templated":true}]}}