{"id":1129,"date":"2023-03-06T15:39:13","date_gmt":"2023-03-06T15:39:13","guid":{"rendered":"https:\/\/toskani.com\/product\/antistress-mask\/"},"modified":"2024-01-09T23:11:03","modified_gmt":"2024-01-09T23:11:03","slug":"antistress-mask","status":"publish","type":"product","link":"https:\/\/toskani.com\/pl\/product\/antistress-mask\/","title":{"rendered":"Antistress mask"},"content":{"rendered":"<p class=\"p1\">Od\u017cywcza, \u0142agodz\u0105ca i od\u015bwie\u017caj\u0105ca maska do sk\u00f3ry reaktywnej. Zawiera ekstrakty z aloesu i rumianku o dzia\u0142aniu regeneruj\u0105cym i relaksuj\u0105cym. Antistress Mask pozostawia na sk\u00f3rze przyjemne uczucie \u015bwie\u017co\u015bci.<\/p>\n","protected":false},"excerpt":{"rendered":"<p>Od\u017cywcza, \u0142agodz\u0105ca i od\u015bwie\u017caj\u0105ca maska do sk\u00f3ry reaktywnej. Zawiera ekstrakty z aloesu i rumianku o dzia\u0142aniu regeneruj\u0105cym i relaksuj\u0105cym. Antistress Mask pozostawia na sk\u00f3rze przyjemne uczucie \u015bwie\u017co\u015bci.<\/p>\n","protected":false},"featured_media":1130,"comment_status":"open","ping_status":"closed","template":"","meta":[],"product_cat":[22,20,35],"product_tag":[37],"class_list":["post-1129","product","type-product","status-publish","has-post-thumbnail","hentry","product_cat-cremas-pl","product_cat-facial-pl","product_cat-reparar-pl","product_tag-mascara-pl"],"acf":[],"aioseo_notices":[],"_links":{"self":[{"href":"https:\/\/toskani.com\/pl\/wp-json\/wp\/v2\/product\/1129","targetHints":{"allow":["GET"]}}],"collection":[{"href":"https:\/\/toskani.com\/pl\/wp-json\/wp\/v2\/product"}],"about":[{"href":"https:\/\/toskani.com\/pl\/wp-json\/wp\/v2\/types\/product"}],"replies":[{"embeddable":true,"href":"https:\/\/toskani.com\/pl\/wp-json\/wp\/v2\/comments?post=1129"}],"wp:featuredmedia":[{"embeddable":true,"href":"https:\/\/toskani.com\/pl\/wp-json\/wp\/v2\/media\/1130"}],"wp:attachment":[{"href":"https:\/\/toskani.com\/pl\/wp-json\/wp\/v2\/media?parent=1129"}],"wp:term":[{"taxonomy":"product_cat","embeddable":true,"href":"https:\/\/toskani.com\/pl\/wp-json\/wp\/v2\/product_cat?post=1129"},{"taxonomy":"product_tag","embeddable":true,"href":"https:\/\/toskani.com\/pl\/wp-json\/wp\/v2\/product_tag?post=1129"}],"curies":[{"name":"wp","href":"https:\/\/api.w.org\/{rel}","templated":true}]}}