{"id":1114,"date":"2023-03-06T16:14:36","date_gmt":"2023-03-06T16:14:36","guid":{"rendered":"https:\/\/toskani.com\/product\/artichoke-plus\/"},"modified":"2025-10-06T11:05:56","modified_gmt":"2025-10-06T11:05:56","slug":"artichoke-plus","status":"publish","type":"product","link":"https:\/\/toskani.com\/pl\/product\/artichoke-plus\/","title":{"rendered":"Artichoke Plus"},"content":{"rendered":"<p>Suplement diety o w\u0142a\u015bciwo\u015bciach oczyszczaj\u0105cych i detoksykuj\u0105cych. Pomaga zwalcza\u0107 i zapobiega\u0107 zatrzymywaniu p\u0142yn\u00f3w i uczuciu obrz\u0119ku. Maksymalizuje efekty zabieg\u00f3w wyszczuplaj\u0105cych na cia\u0142o.<\/p>\n<p>Opakowanie zawiera 20 fiolek po 10 ml.<\/p>\n","protected":false},"excerpt":{"rendered":"<p>Suplement diety o w\u0142a\u015bciwo\u015bciach oczyszczaj\u0105cych i detoksykuj\u0105cych. Pomaga zwalcza\u0107 i zapobiega\u0107 zatrzymywaniu p\u0142yn\u00f3w i uczuciu obrz\u0119ku. Maksymalizuje efekty zabieg\u00f3w wyszczuplaj\u0105cych na cia\u0142o. Opakowanie zawiera 20 fiolek po 10 ml.<\/p>\n","protected":false},"featured_media":1122,"comment_status":"open","ping_status":"closed","template":"","meta":[],"product_cat":[36,27],"product_tag":[],"class_list":["post-1114","product","type-product","status-publish","has-post-thumbnail","hentry","product_cat-cocktails-pl","product_cat-corporal-pl"],"acf":[],"aioseo_notices":[],"_links":{"self":[{"href":"https:\/\/toskani.com\/pl\/wp-json\/wp\/v2\/product\/1114","targetHints":{"allow":["GET"]}}],"collection":[{"href":"https:\/\/toskani.com\/pl\/wp-json\/wp\/v2\/product"}],"about":[{"href":"https:\/\/toskani.com\/pl\/wp-json\/wp\/v2\/types\/product"}],"replies":[{"embeddable":true,"href":"https:\/\/toskani.com\/pl\/wp-json\/wp\/v2\/comments?post=1114"}],"wp:featuredmedia":[{"embeddable":true,"href":"https:\/\/toskani.com\/pl\/wp-json\/wp\/v2\/media\/1122"}],"wp:attachment":[{"href":"https:\/\/toskani.com\/pl\/wp-json\/wp\/v2\/media?parent=1114"}],"wp:term":[{"taxonomy":"product_cat","embeddable":true,"href":"https:\/\/toskani.com\/pl\/wp-json\/wp\/v2\/product_cat?post=1114"},{"taxonomy":"product_tag","embeddable":true,"href":"https:\/\/toskani.com\/pl\/wp-json\/wp\/v2\/product_tag?post=1114"}],"curies":[{"name":"wp","href":"https:\/\/api.w.org\/{rel}","templated":true}]}}