{"id":1092,"date":"2023-03-06T16:20:09","date_gmt":"2023-03-06T16:20:09","guid":{"rendered":"https:\/\/toskani.com\/product\/fb-plus\/"},"modified":"2025-10-06T11:05:29","modified_gmt":"2025-10-06T11:05:29","slug":"fb-plus","status":"publish","type":"product","link":"https:\/\/toskani.com\/pl\/product\/fb-plus\/","title":{"rendered":"FB Plus"},"content":{"rendered":"<p>Suplement diety zwi\u0119kszaj\u0105cy energi\u0119 i metabolizm. Wspomaga uwalnianie wolnych kwas\u00f3w t\u0142uszczowych z adipocyt\u00f3w, a nast\u0119pnie usuni\u0119cie ich z organizmu. Maksymalizuje efekty zabieg\u00f3w wyszczuplaj\u0105cych na cia\u0142o.<\/p>\n<p>Opakowanie zawiera 20 fiolek po 10 ml.<\/p>\n","protected":false},"excerpt":{"rendered":"<p>Suplement diety zwi\u0119kszaj\u0105cy energi\u0119 i metabolizm. Wspomaga uwalnianie wolnych kwas\u00f3w t\u0142uszczowych z adipocyt\u00f3w, a nast\u0119pnie usuni\u0119cie ich z organizmu. Maksymalizuje efekty zabieg\u00f3w wyszczuplaj\u0105cych na cia\u0142o. Opakowanie zawiera 20 fiolek po [&hellip;]<\/p>\n","protected":false},"featured_media":1107,"comment_status":"open","ping_status":"closed","template":"","meta":[],"product_cat":[36,27],"product_tag":[],"class_list":["post-1092","product","type-product","status-publish","has-post-thumbnail","hentry","product_cat-cocktails-pl","product_cat-corporal-pl"],"acf":[],"aioseo_notices":[],"_links":{"self":[{"href":"https:\/\/toskani.com\/pl\/wp-json\/wp\/v2\/product\/1092","targetHints":{"allow":["GET"]}}],"collection":[{"href":"https:\/\/toskani.com\/pl\/wp-json\/wp\/v2\/product"}],"about":[{"href":"https:\/\/toskani.com\/pl\/wp-json\/wp\/v2\/types\/product"}],"replies":[{"embeddable":true,"href":"https:\/\/toskani.com\/pl\/wp-json\/wp\/v2\/comments?post=1092"}],"wp:featuredmedia":[{"embeddable":true,"href":"https:\/\/toskani.com\/pl\/wp-json\/wp\/v2\/media\/1107"}],"wp:attachment":[{"href":"https:\/\/toskani.com\/pl\/wp-json\/wp\/v2\/media?parent=1092"}],"wp:term":[{"taxonomy":"product_cat","embeddable":true,"href":"https:\/\/toskani.com\/pl\/wp-json\/wp\/v2\/product_cat?post=1092"},{"taxonomy":"product_tag","embeddable":true,"href":"https:\/\/toskani.com\/pl\/wp-json\/wp\/v2\/product_tag?post=1092"}],"curies":[{"name":"wp","href":"https:\/\/api.w.org\/{rel}","templated":true}]}}