{"id":1084,"date":"2023-03-06T16:25:38","date_gmt":"2023-03-06T16:25:38","guid":{"rendered":"https:\/\/toskani.com\/product\/lipo-proteoglycans-ampoule\/"},"modified":"2024-01-08T11:10:23","modified_gmt":"2024-01-08T11:10:23","slug":"lipo-proteoglycans-ampoule","status":"publish","type":"product","link":"https:\/\/toskani.com\/pl\/product\/lipo-proteoglycans-ampoule\/","title":{"rendered":"Lipo Proteoglycans Ampoule"},"content":{"rendered":"<p>Intensywne ampu\u0142ki do codziennego stosowania o dzia\u0142aniu nawil\u017caj\u0105cym i naprawczym. Zawieraj\u0105 witaminy zamkni\u0119te w liposomach i proteoglikany, kt\u00f3re stymuluj\u0105 produkcj\u0119 kolagenu i pomagaj\u0105 z\u0142agodzi\u0107 widoczne oznaki starzenia si\u0119 sk\u00f3ry. Sk\u00f3ra staje si\u0119 ja\u015bniejsza i lepiej wygl\u0105da. Wyg\u0142adza zmarszczki i drobne linie.<\/p>\n<p>Opakowanie zawiera 15 ampu\u0142ek po 2 ml.<\/p>\n","protected":false},"excerpt":{"rendered":"<p>Intensywne ampu\u0142ki do codziennego stosowania o dzia\u0142aniu nawil\u017caj\u0105cym i naprawczym. Zawieraj\u0105 witaminy zamkni\u0119te w liposomach i proteoglikany, kt\u00f3re stymuluj\u0105 produkcj\u0119 kolagenu i pomagaj\u0105 z\u0142agodzi\u0107 widoczne oznaki starzenia si\u0119 sk\u00f3ry. Sk\u00f3ra [&hellip;]<\/p>\n","protected":false},"featured_media":1085,"comment_status":"open","ping_status":"closed","template":"","meta":[],"product_cat":[29,19,20],"product_tag":[],"class_list":["post-1084","product","type-product","status-publish","has-post-thumbnail","hentry","product_cat-ampollas-pl","product_cat-antiedad-pl","product_cat-facial-pl"],"acf":[],"aioseo_notices":[],"_links":{"self":[{"href":"https:\/\/toskani.com\/pl\/wp-json\/wp\/v2\/product\/1084","targetHints":{"allow":["GET"]}}],"collection":[{"href":"https:\/\/toskani.com\/pl\/wp-json\/wp\/v2\/product"}],"about":[{"href":"https:\/\/toskani.com\/pl\/wp-json\/wp\/v2\/types\/product"}],"replies":[{"embeddable":true,"href":"https:\/\/toskani.com\/pl\/wp-json\/wp\/v2\/comments?post=1084"}],"wp:featuredmedia":[{"embeddable":true,"href":"https:\/\/toskani.com\/pl\/wp-json\/wp\/v2\/media\/1085"}],"wp:attachment":[{"href":"https:\/\/toskani.com\/pl\/wp-json\/wp\/v2\/media?parent=1084"}],"wp:term":[{"taxonomy":"product_cat","embeddable":true,"href":"https:\/\/toskani.com\/pl\/wp-json\/wp\/v2\/product_cat?post=1084"},{"taxonomy":"product_tag","embeddable":true,"href":"https:\/\/toskani.com\/pl\/wp-json\/wp\/v2\/product_tag?post=1084"}],"curies":[{"name":"wp","href":"https:\/\/api.w.org\/{rel}","templated":true}]}}