{"id":1069,"date":"2023-03-06T16:36:28","date_gmt":"2023-03-06T16:36:28","guid":{"rendered":"https:\/\/toskani.com\/product\/night-reverse-intensive-cream-mask\/"},"modified":"2024-01-08T11:00:33","modified_gmt":"2024-01-08T11:00:33","slug":"night-reverse-intensive-cream-mask","status":"publish","type":"product","link":"https:\/\/toskani.com\/pl\/product\/night-reverse-intensive-cream-mask\/","title":{"rendered":"Night Reverse intensive krem&amp;maska"},"content":{"rendered":"<p class=\"p1\">Night Revesre krem&amp;maska ma dzia\u0142anie odnawiaj\u0105ce, ochronne przed negatywnymi czynnikami zewn\u0119trznymi: ekspozycja na s\u0142o\u0144ce, zanieczyszczenia, zmiany temperatury, stres, palenie tytoniu lub zaburzenia snu. Zapewnia intensywne nawil\u017cenie, pomaga wzmocni\u0107 barier\u0119 sk\u00f3rn\u0105 i odbudowuje mikrobiom sk\u00f3rny.<\/p>\n","protected":false},"excerpt":{"rendered":"<p>Night Revesre krem&amp;maska ma dzia\u0142anie odnawiaj\u0105ce, ochronne przed negatywnymi czynnikami zewn\u0119trznymi: ekspozycja na s\u0142o\u0144ce, zanieczyszczenia, zmiany temperatury, stres, palenie tytoniu lub zaburzenia snu. Zapewnia intensywne nawil\u017cenie, pomaga wzmocni\u0107 barier\u0119 sk\u00f3rn\u0105 [&hellip;]<\/p>\n","protected":false},"featured_media":1077,"comment_status":"open","ping_status":"closed","template":"","meta":[],"product_cat":[19,22,20],"product_tag":[37],"class_list":["post-1069","product","type-product","status-publish","has-post-thumbnail","hentry","product_cat-antiedad-pl","product_cat-cremas-pl","product_cat-facial-pl","product_tag-mascara-pl"],"acf":[],"aioseo_notices":[],"_links":{"self":[{"href":"https:\/\/toskani.com\/pl\/wp-json\/wp\/v2\/product\/1069","targetHints":{"allow":["GET"]}}],"collection":[{"href":"https:\/\/toskani.com\/pl\/wp-json\/wp\/v2\/product"}],"about":[{"href":"https:\/\/toskani.com\/pl\/wp-json\/wp\/v2\/types\/product"}],"replies":[{"embeddable":true,"href":"https:\/\/toskani.com\/pl\/wp-json\/wp\/v2\/comments?post=1069"}],"wp:featuredmedia":[{"embeddable":true,"href":"https:\/\/toskani.com\/pl\/wp-json\/wp\/v2\/media\/1077"}],"wp:attachment":[{"href":"https:\/\/toskani.com\/pl\/wp-json\/wp\/v2\/media?parent=1069"}],"wp:term":[{"taxonomy":"product_cat","embeddable":true,"href":"https:\/\/toskani.com\/pl\/wp-json\/wp\/v2\/product_cat?post=1069"},{"taxonomy":"product_tag","embeddable":true,"href":"https:\/\/toskani.com\/pl\/wp-json\/wp\/v2\/product_tag?post=1069"}],"curies":[{"name":"wp","href":"https:\/\/api.w.org\/{rel}","templated":true}]}}