{"id":1061,"date":"2023-03-06T16:40:31","date_gmt":"2023-03-06T16:40:31","guid":{"rendered":"https:\/\/toskani.com\/product\/night-reverse-advanced-serum\/"},"modified":"2024-01-08T10:42:38","modified_gmt":"2024-01-08T10:42:38","slug":"night-reverse-advanced-serum","status":"publish","type":"product","link":"https:\/\/toskani.com\/pl\/product\/night-reverse-advanced-serum\/","title":{"rendered":"Night Reverse advanced serum"},"content":{"rendered":"<p class=\"p1\"><span class=\"s2\">Serum na noc z kompleksem Total Restoring Complex, kt\u00f3ry odwraca uszkodzenia spowodowane codziennym stresem i aktywuje naturalny mechanizm naprawczy sk\u00f3ry. Pomaga naprawi\u0107 sk\u00f3r\u0119 przed uszkodzeniami spowodowanymi promieniowaniem s\u0142onecznym, zanieczyszczeniem, zmianami temperatury i z\u0142ymi nawykami. Wzmacnia r\u00f3wnie\u017c barier\u0119 ochronn\u0105 sk\u00f3ry, chroni\u0105c j\u0105 przed szkodliwymi czynnikami zewn\u0119trznymi, reguluje rytm dobowy, zapewniaj\u0105c wypocz\u0119t\u0105 sk\u00f3r\u0119 i chroni jej mikrobiom. <\/span><\/p>\n","protected":false},"excerpt":{"rendered":"<p>Serum na noc z kompleksem Total Restoring Complex, kt\u00f3ry odwraca uszkodzenia spowodowane codziennym stresem i aktywuje naturalny mechanizm naprawczy sk\u00f3ry. Pomaga naprawi\u0107 sk\u00f3r\u0119 przed uszkodzeniami spowodowanymi promieniowaniem s\u0142onecznym, zanieczyszczeniem, zmianami [&hellip;]<\/p>\n","protected":false},"featured_media":1062,"comment_status":"open","ping_status":"closed","template":"","meta":[],"product_cat":[19,20,21],"product_tag":[],"class_list":["post-1061","product","type-product","status-publish","has-post-thumbnail","hentry","product_cat-antiedad-pl","product_cat-facial-pl","product_cat-serums-pl"],"acf":[],"aioseo_notices":[],"_links":{"self":[{"href":"https:\/\/toskani.com\/pl\/wp-json\/wp\/v2\/product\/1061","targetHints":{"allow":["GET"]}}],"collection":[{"href":"https:\/\/toskani.com\/pl\/wp-json\/wp\/v2\/product"}],"about":[{"href":"https:\/\/toskani.com\/pl\/wp-json\/wp\/v2\/types\/product"}],"replies":[{"embeddable":true,"href":"https:\/\/toskani.com\/pl\/wp-json\/wp\/v2\/comments?post=1061"}],"wp:featuredmedia":[{"embeddable":true,"href":"https:\/\/toskani.com\/pl\/wp-json\/wp\/v2\/media\/1062"}],"wp:attachment":[{"href":"https:\/\/toskani.com\/pl\/wp-json\/wp\/v2\/media?parent=1061"}],"wp:term":[{"taxonomy":"product_cat","embeddable":true,"href":"https:\/\/toskani.com\/pl\/wp-json\/wp\/v2\/product_cat?post=1061"},{"taxonomy":"product_tag","embeddable":true,"href":"https:\/\/toskani.com\/pl\/wp-json\/wp\/v2\/product_tag?post=1061"}],"curies":[{"name":"wp","href":"https:\/\/api.w.org\/{rel}","templated":true}]}}