{"id":1032,"date":"2023-03-06T16:55:22","date_gmt":"2023-03-06T16:55:22","guid":{"rendered":"https:\/\/toskani.com\/product\/sensitive-skin-ampoule\/"},"modified":"2024-01-08T09:32:40","modified_gmt":"2024-01-08T09:32:40","slug":"sensitive-skin-ampoule","status":"publish","type":"product","link":"https:\/\/toskani.com\/pl\/product\/sensitive-skin-ampoule\/","title":{"rendered":"Sensitive skin ampoule"},"content":{"rendered":"<p>Intensywne rozwi\u0105zanie Ampu\u0142ki do codziennego stosowania, kt\u00f3re pomog\u0105 ukoi\u0107 i chroni\u0107 wra\u017cliw\u0105 lub podra\u017cnion\u0105 sk\u00f3r\u0119. Formu\u0142a wzbogacona naturalnymi ekstraktami oraz witaminami B5 i C pomaga wzmocni\u0107 naturaln\u0105 barier\u0119 ochronn\u0105 sk\u00f3ry i chroni\u0107 j\u0105 przed szkodliwym dzia\u0142aniem czynnik\u00f3w zewn\u0119trznych, takich jak zimno czy wiatr. Nawil\u017ca, poprawia struktur\u0119 i elastyczno\u015b\u0107 sk\u00f3ry, zmniejsza wra\u017cliwo\u015b\u0107 i zapewnia uczucie ukojenia.<\/p>\n<p>Opakowanie zawiera 15 ampu\u0142ek po 2 ml.<\/p>\n","protected":false},"excerpt":{"rendered":"<p>Intensywne rozwi\u0105zanie Ampu\u0142ki do codziennego stosowania, kt\u00f3re pomog\u0105 ukoi\u0107 i chroni\u0107 wra\u017cliw\u0105 lub podra\u017cnion\u0105 sk\u00f3r\u0119. Formu\u0142a wzbogacona naturalnymi ekstraktami oraz witaminami B5 i C pomaga wzmocni\u0107 naturaln\u0105 barier\u0119 ochronn\u0105 sk\u00f3ry [&hellip;]<\/p>\n","protected":false},"featured_media":1054,"comment_status":"open","ping_status":"closed","template":"","meta":[],"product_cat":[29,20,35],"product_tag":[],"class_list":["post-1032","product","type-product","status-publish","has-post-thumbnail","hentry","product_cat-ampollas-pl","product_cat-facial-pl","product_cat-reparar-pl"],"acf":[],"aioseo_notices":[],"_links":{"self":[{"href":"https:\/\/toskani.com\/pl\/wp-json\/wp\/v2\/product\/1032","targetHints":{"allow":["GET"]}}],"collection":[{"href":"https:\/\/toskani.com\/pl\/wp-json\/wp\/v2\/product"}],"about":[{"href":"https:\/\/toskani.com\/pl\/wp-json\/wp\/v2\/types\/product"}],"replies":[{"embeddable":true,"href":"https:\/\/toskani.com\/pl\/wp-json\/wp\/v2\/comments?post=1032"}],"wp:featuredmedia":[{"embeddable":true,"href":"https:\/\/toskani.com\/pl\/wp-json\/wp\/v2\/media\/1054"}],"wp:attachment":[{"href":"https:\/\/toskani.com\/pl\/wp-json\/wp\/v2\/media?parent=1032"}],"wp:term":[{"taxonomy":"product_cat","embeddable":true,"href":"https:\/\/toskani.com\/pl\/wp-json\/wp\/v2\/product_cat?post=1032"},{"taxonomy":"product_tag","embeddable":true,"href":"https:\/\/toskani.com\/pl\/wp-json\/wp\/v2\/product_tag?post=1032"}],"curies":[{"name":"wp","href":"https:\/\/api.w.org\/{rel}","templated":true}]}}