{"id":1008,"date":"2023-03-07T10:01:22","date_gmt":"2023-03-07T10:01:22","guid":{"rendered":"https:\/\/toskani.com\/product\/slimming-gel\/"},"modified":"2024-01-05T15:11:02","modified_gmt":"2024-01-05T15:11:02","slug":"slimming-gel","status":"publish","type":"product","link":"https:\/\/toskani.com\/pl\/product\/slimming-gel\/","title":{"rendered":"Slimming gel"},"content":{"rendered":"<p>Wyszczuplaj\u0105cy i modeluj\u0105cy \u017cel do cia\u0142a o \u015bwie\u017cej, lekkiej i szybko wch\u0142aniaj\u0105cej si\u0119 konsystencji.<\/p>\n<p>Jego formu\u0142a \u0142\u0105czy kofein\u0119 z kompleksem naturalnych ekstrakt\u00f3w, kt\u00f3re wspomagaj\u0105 remodelowanie sylwetki i pomagaj\u0105 uj\u0119drni\u0107 sk\u00f3r\u0119<\/p>\n","protected":false},"excerpt":{"rendered":"<p>Wyszczuplaj\u0105cy i modeluj\u0105cy \u017cel do cia\u0142a o \u015bwie\u017cej, lekkiej i szybko wch\u0142aniaj\u0105cej si\u0119 konsystencji. Jego formu\u0142a \u0142\u0105czy kofein\u0119 z kompleksem naturalnych ekstrakt\u00f3w, kt\u00f3re wspomagaj\u0105 remodelowanie sylwetki i pomagaj\u0105 uj\u0119drni\u0107 sk\u00f3r\u0119<\/p>\n","protected":false},"featured_media":1009,"comment_status":"open","ping_status":"closed","template":"","meta":[],"product_cat":[27,22],"product_tag":[],"class_list":["post-1008","product","type-product","status-publish","has-post-thumbnail","hentry","product_cat-corporal-pl","product_cat-cremas-pl"],"acf":[],"aioseo_notices":[],"_links":{"self":[{"href":"https:\/\/toskani.com\/pl\/wp-json\/wp\/v2\/product\/1008","targetHints":{"allow":["GET"]}}],"collection":[{"href":"https:\/\/toskani.com\/pl\/wp-json\/wp\/v2\/product"}],"about":[{"href":"https:\/\/toskani.com\/pl\/wp-json\/wp\/v2\/types\/product"}],"replies":[{"embeddable":true,"href":"https:\/\/toskani.com\/pl\/wp-json\/wp\/v2\/comments?post=1008"}],"wp:featuredmedia":[{"embeddable":true,"href":"https:\/\/toskani.com\/pl\/wp-json\/wp\/v2\/media\/1009"}],"wp:attachment":[{"href":"https:\/\/toskani.com\/pl\/wp-json\/wp\/v2\/media?parent=1008"}],"wp:term":[{"taxonomy":"product_cat","embeddable":true,"href":"https:\/\/toskani.com\/pl\/wp-json\/wp\/v2\/product_cat?post=1008"},{"taxonomy":"product_tag","embeddable":true,"href":"https:\/\/toskani.com\/pl\/wp-json\/wp\/v2\/product_tag?post=1008"}],"curies":[{"name":"wp","href":"https:\/\/api.w.org\/{rel}","templated":true}]}}