{"id":1000,"date":"2023-03-07T10:06:46","date_gmt":"2023-03-07T10:06:46","guid":{"rendered":"https:\/\/toskani.com\/product\/a-ox-360-cocktail\/"},"modified":"2025-10-06T11:04:59","modified_gmt":"2025-10-06T11:04:59","slug":"a-ox-360-cocktail","status":"publish","type":"product","link":"https:\/\/toskani.com\/pl\/product\/a-ox-360-cocktail\/","title":{"rendered":"A-OX 360 Cocktail"},"content":{"rendered":"<p>Koktail to profesjonalna terapia, kt\u00f3ra poprawia elastyczno\u015b\u0107 oraz zapobiega przedwczesnemu starzeniu si\u0119 sk\u00f3ry.<\/p>\n","protected":false},"excerpt":{"rendered":"<p>Koktail to profesjonalna terapia, kt\u00f3ra poprawia elastyczno\u015b\u0107 oraz zapobiega przedwczesnemu starzeniu si\u0119 sk\u00f3ry.<\/p>\n","protected":false},"featured_media":1001,"comment_status":"open","ping_status":"closed","template":"","meta":[],"product_cat":[36,27,20,30],"product_tag":[],"class_list":["post-1000","product","type-product","status-publish","has-post-thumbnail","hentry","product_cat-cocktails-pl","product_cat-corporal-pl","product_cat-facial-pl","product_cat-proteccion-pl"],"acf":[],"aioseo_notices":[],"_links":{"self":[{"href":"https:\/\/toskani.com\/pl\/wp-json\/wp\/v2\/product\/1000","targetHints":{"allow":["GET"]}}],"collection":[{"href":"https:\/\/toskani.com\/pl\/wp-json\/wp\/v2\/product"}],"about":[{"href":"https:\/\/toskani.com\/pl\/wp-json\/wp\/v2\/types\/product"}],"replies":[{"embeddable":true,"href":"https:\/\/toskani.com\/pl\/wp-json\/wp\/v2\/comments?post=1000"}],"wp:featuredmedia":[{"embeddable":true,"href":"https:\/\/toskani.com\/pl\/wp-json\/wp\/v2\/media\/1001"}],"wp:attachment":[{"href":"https:\/\/toskani.com\/pl\/wp-json\/wp\/v2\/media?parent=1000"}],"wp:term":[{"taxonomy":"product_cat","embeddable":true,"href":"https:\/\/toskani.com\/pl\/wp-json\/wp\/v2\/product_cat?post=1000"},{"taxonomy":"product_tag","embeddable":true,"href":"https:\/\/toskani.com\/pl\/wp-json\/wp\/v2\/product_tag?post=1000"}],"curies":[{"name":"wp","href":"https:\/\/api.w.org\/{rel}","templated":true}]}}