{"id":786,"date":"2023-05-17T11:45:23","date_gmt":"2023-05-17T11:45:23","guid":{"rendered":"https:\/\/toskani.com\/product\/hyaluron-1\/"},"modified":"2023-11-30T15:47:32","modified_gmt":"2023-11-30T15:47:32","slug":"hyaluron-1","status":"publish","type":"product","link":"https:\/\/toskani.com\/it\/product\/hyaluron-1\/","title":{"rendered":"Hyaluron 1"},"content":{"rendered":"<p class=\"p1\">Soluzione con acido ialuronico all&#8217;1% per un effetto idratante, rivitalizzante e antiet\u00e0.<\/p>\n<p class=\"p1\">L&#8217;acido ialuronico \u00e8 una sostanza naturale della pelle dalla grande azione idratante grazie alla sua elevata capacit\u00e0 di trattenere acqua, fino a mille volte il suo peso molecolare. Stimola la sintesi del collagene, dona elasticit\u00e0 alla pelle e aiuta a prevenire la comparsa delle rughe.<\/p>\n","protected":false},"excerpt":{"rendered":"<p>Soluzione con acido ialuronico all&#8217;1% per un effetto idratante, rivitalizzante e antiet\u00e0. L&#8217;acido ialuronico \u00e8 una sostanza naturale della pelle dalla grande azione idratante grazie alla sua elevata capacit\u00e0 di [&hellip;]<\/p>\n","protected":false},"featured_media":787,"comment_status":"open","ping_status":"closed","template":"","meta":[],"product_cat":[36,26,27],"product_tag":[],"class_list":["post-786","product","type-product","status-publish","has-post-thumbnail","hentry","product_cat-ampollas-en","product_cat-antiedad-it","product_cat-facial-it"],"acf":[],"aioseo_notices":[],"_links":{"self":[{"href":"https:\/\/toskani.com\/it\/wp-json\/wp\/v2\/product\/786","targetHints":{"allow":["GET"]}}],"collection":[{"href":"https:\/\/toskani.com\/it\/wp-json\/wp\/v2\/product"}],"about":[{"href":"https:\/\/toskani.com\/it\/wp-json\/wp\/v2\/types\/product"}],"replies":[{"embeddable":true,"href":"https:\/\/toskani.com\/it\/wp-json\/wp\/v2\/comments?post=786"}],"wp:featuredmedia":[{"embeddable":true,"href":"https:\/\/toskani.com\/it\/wp-json\/wp\/v2\/media\/787"}],"wp:attachment":[{"href":"https:\/\/toskani.com\/it\/wp-json\/wp\/v2\/media?parent=786"}],"wp:term":[{"taxonomy":"product_cat","embeddable":true,"href":"https:\/\/toskani.com\/it\/wp-json\/wp\/v2\/product_cat?post=786"},{"taxonomy":"product_tag","embeddable":true,"href":"https:\/\/toskani.com\/it\/wp-json\/wp\/v2\/product_tag?post=786"}],"curies":[{"name":"wp","href":"https:\/\/api.w.org\/{rel}","templated":true}]}}