{"id":778,"date":"2023-05-17T11:47:15","date_gmt":"2023-05-17T11:47:15","guid":{"rendered":"https:\/\/toskani.com\/product\/hyaluron-2\/"},"modified":"2023-11-30T15:43:43","modified_gmt":"2023-11-30T15:43:43","slug":"hyaluron-2","status":"publish","type":"product","link":"https:\/\/toskani.com\/it\/product\/hyaluron-2\/","title":{"rendered":"Hyaluron 2"},"content":{"rendered":"<p class=\"p1\">Soluzione con acido ialuronico al 2% per un effetto idratante, rivitalizzante e antiet\u00e0.<\/p>\n<p class=\"p1\">L&#8217;acido ialuronico \u00e8 una sostanza naturale della pelle dalla grande azione idratante grazie alla sua elevata capacit\u00e0 di trattenere acqua, fino a mille volte il suo peso molecolare. Stimola la sintesi del collagene, dona elasticit\u00e0 alla pelle e aiuta a prevenire la comparsa delle rughe.<\/p>\n","protected":false},"excerpt":{"rendered":"<p>Soluzione con acido ialuronico al 2% per un effetto idratante, rivitalizzante e antiet\u00e0. L&#8217;acido ialuronico \u00e8 una sostanza naturale della pelle dalla grande azione idratante grazie alla sua elevata capacit\u00e0 [&hellip;]<\/p>\n","protected":false},"featured_media":779,"comment_status":"open","ping_status":"closed","template":"","meta":[],"product_cat":[36,26,27],"product_tag":[],"class_list":["post-778","product","type-product","status-publish","has-post-thumbnail","hentry","product_cat-ampollas-en","product_cat-antiedad-it","product_cat-facial-it"],"acf":[],"aioseo_notices":[],"_links":{"self":[{"href":"https:\/\/toskani.com\/it\/wp-json\/wp\/v2\/product\/778","targetHints":{"allow":["GET"]}}],"collection":[{"href":"https:\/\/toskani.com\/it\/wp-json\/wp\/v2\/product"}],"about":[{"href":"https:\/\/toskani.com\/it\/wp-json\/wp\/v2\/types\/product"}],"replies":[{"embeddable":true,"href":"https:\/\/toskani.com\/it\/wp-json\/wp\/v2\/comments?post=778"}],"wp:featuredmedia":[{"embeddable":true,"href":"https:\/\/toskani.com\/it\/wp-json\/wp\/v2\/media\/779"}],"wp:attachment":[{"href":"https:\/\/toskani.com\/it\/wp-json\/wp\/v2\/media?parent=778"}],"wp:term":[{"taxonomy":"product_cat","embeddable":true,"href":"https:\/\/toskani.com\/it\/wp-json\/wp\/v2\/product_cat?post=778"},{"taxonomy":"product_tag","embeddable":true,"href":"https:\/\/toskani.com\/it\/wp-json\/wp\/v2\/product_tag?post=778"}],"curies":[{"name":"wp","href":"https:\/\/api.w.org\/{rel}","templated":true}]}}