{"id":770,"date":"2023-05-17T11:48:28","date_gmt":"2023-05-17T11:48:28","guid":{"rendered":"https:\/\/toskani.com\/product\/hyaluron-35\/"},"modified":"2023-11-30T15:38:13","modified_gmt":"2023-11-30T15:38:13","slug":"hyaluron-35","status":"publish","type":"product","link":"https:\/\/toskani.com\/it\/product\/hyaluron-35\/","title":{"rendered":"Hyaluron 3,5"},"content":{"rendered":"<p class=\"p1\">Soluzione con acido ialuronico al 3,5% per un effetto idratante, rivitalizzante e antiet\u00e0.<\/p>\n<p class=\"p1\">L&#8217;acido ialuronico \u00e8 una sostanza naturale della pelle dalla grande azione idratante grazie alla sua elevata capacit\u00e0 di trattenere acqua, fino a mille volte il suo peso molecolare. Stimola la sintesi del collagene, dona elasticit\u00e0 alla pelle e aiuta a prevenire la comparsa delle rughe.<\/p>\n","protected":false},"excerpt":{"rendered":"<p>Soluzione con acido ialuronico al 3,5% per un effetto idratante, rivitalizzante e antiet\u00e0. L&#8217;acido ialuronico \u00e8 una sostanza naturale della pelle dalla grande azione idratante grazie alla sua elevata capacit\u00e0 [&hellip;]<\/p>\n","protected":false},"featured_media":771,"comment_status":"open","ping_status":"closed","template":"","meta":[],"product_cat":[36,26,27],"product_tag":[],"class_list":["post-770","product","type-product","status-publish","has-post-thumbnail","hentry","product_cat-ampollas-en","product_cat-antiedad-it","product_cat-facial-it"],"acf":[],"aioseo_notices":[],"_links":{"self":[{"href":"https:\/\/toskani.com\/it\/wp-json\/wp\/v2\/product\/770","targetHints":{"allow":["GET"]}}],"collection":[{"href":"https:\/\/toskani.com\/it\/wp-json\/wp\/v2\/product"}],"about":[{"href":"https:\/\/toskani.com\/it\/wp-json\/wp\/v2\/types\/product"}],"replies":[{"embeddable":true,"href":"https:\/\/toskani.com\/it\/wp-json\/wp\/v2\/comments?post=770"}],"wp:featuredmedia":[{"embeddable":true,"href":"https:\/\/toskani.com\/it\/wp-json\/wp\/v2\/media\/771"}],"wp:attachment":[{"href":"https:\/\/toskani.com\/it\/wp-json\/wp\/v2\/media?parent=770"}],"wp:term":[{"taxonomy":"product_cat","embeddable":true,"href":"https:\/\/toskani.com\/it\/wp-json\/wp\/v2\/product_cat?post=770"},{"taxonomy":"product_tag","embeddable":true,"href":"https:\/\/toskani.com\/it\/wp-json\/wp\/v2\/product_tag?post=770"}],"curies":[{"name":"wp","href":"https:\/\/api.w.org\/{rel}","templated":true}]}}