{"id":5571,"date":"2023-03-06T16:20:09","date_gmt":"2023-03-06T16:20:09","guid":{"rendered":"https:\/\/toskani.com\/de\/product\/fb-plus\/"},"modified":"2025-10-08T11:18:53","modified_gmt":"2025-10-08T11:18:53","slug":"fb-plus","status":"publish","type":"product","link":"https:\/\/toskani.com\/de\/produkt\/fb-plus\/","title":{"rendered":"FB Plus"},"content":{"rendered":"<p>Energie- und stoffwechselanregendes Nahrungserg\u00e4nzungsmittel. Hilft bei der Mobilisierung von Fetten zur ordnungsgem\u00e4\u00dfen Nutzung durch die Zellen im Energiestoffwechsel. Maximiert die Ergebnisse von \u00e4sthetischen K\u00f6rperbehandlungen.<\/p>\n<p>Die Packung enth\u00e4lt 20 Fl\u00e4schchen zu 10 ml.<\/p>\n","protected":false},"excerpt":{"rendered":"<p>Energie- und stoffwechselanregendes Nahrungserg\u00e4nzungsmittel. Hilft bei der Mobilisierung von Fetten zur ordnungsgem\u00e4\u00dfen Nutzung durch die Zellen im Energiestoffwechsel. Maximiert die Ergebnisse von \u00e4sthetischen K\u00f6rperbehandlungen. Die Packung enth\u00e4lt 20 Fl\u00e4schchen zu [&hellip;]<\/p>\n","protected":false},"featured_media":3858,"template":"","meta":[],"product_cat":[208,166],"product_tag":[],"class_list":["post-5571","product","type-product","status-publish","has-post-thumbnail","hentry","product_cat-cocktails-de","product_cat-corporal-de"],"acf":[],"aioseo_notices":[],"_links":{"self":[{"href":"https:\/\/toskani.com\/de\/wp-json\/wp\/v2\/product\/5571","targetHints":{"allow":["GET"]}}],"collection":[{"href":"https:\/\/toskani.com\/de\/wp-json\/wp\/v2\/product"}],"about":[{"href":"https:\/\/toskani.com\/de\/wp-json\/wp\/v2\/types\/product"}],"wp:featuredmedia":[{"embeddable":true,"href":"https:\/\/toskani.com\/de\/wp-json\/wp\/v2\/media\/3858"}],"wp:attachment":[{"href":"https:\/\/toskani.com\/de\/wp-json\/wp\/v2\/media?parent=5571"}],"wp:term":[{"taxonomy":"product_cat","embeddable":true,"href":"https:\/\/toskani.com\/de\/wp-json\/wp\/v2\/product_cat?post=5571"},{"taxonomy":"product_tag","embeddable":true,"href":"https:\/\/toskani.com\/de\/wp-json\/wp\/v2\/product_tag?post=5571"}],"curies":[{"name":"wp","href":"https:\/\/api.w.org\/{rel}","templated":true}]}}