{"id":5546,"date":"2023-03-07T09:43:09","date_gmt":"2023-03-07T09:43:09","guid":{"rendered":"https:\/\/toskani.com\/de\/product\/firming-gel\/"},"modified":"2024-04-30T12:12:15","modified_gmt":"2024-04-30T12:12:15","slug":"straffungs-gel","status":"publish","type":"product","link":"https:\/\/toskani.com\/de\/produkt\/straffungs-gel\/","title":{"rendered":"Firming Gel"},"content":{"rendered":"<p>Straffendes K\u00f6rpergel, das die Elastizit\u00e4t der Haut verbessert, gegen Erschlaffung hilft und intensive Feuchtigkeit spendet. Seine w\u00e4ssrige Textur hilft, schwere Beine zu entlasten.<\/p>\n","protected":false},"excerpt":{"rendered":"<p>Straffendes K\u00f6rpergel, das die Elastizit\u00e4t der Haut verbessert, gegen Erschlaffung hilft und intensive Feuchtigkeit spendet. Seine w\u00e4ssrige Textur hilft, schwere Beine zu entlasten.<\/p>\n","protected":false},"featured_media":3871,"template":"","meta":[],"product_cat":[166,143],"product_tag":[],"class_list":["post-5546","product","type-product","status-publish","has-post-thumbnail","hentry","product_cat-corporal-de","product_cat-cremas-de"],"acf":[],"aioseo_notices":[],"_links":{"self":[{"href":"https:\/\/toskani.com\/de\/wp-json\/wp\/v2\/product\/5546","targetHints":{"allow":["GET"]}}],"collection":[{"href":"https:\/\/toskani.com\/de\/wp-json\/wp\/v2\/product"}],"about":[{"href":"https:\/\/toskani.com\/de\/wp-json\/wp\/v2\/types\/product"}],"wp:featuredmedia":[{"embeddable":true,"href":"https:\/\/toskani.com\/de\/wp-json\/wp\/v2\/media\/3871"}],"wp:attachment":[{"href":"https:\/\/toskani.com\/de\/wp-json\/wp\/v2\/media?parent=5546"}],"wp:term":[{"taxonomy":"product_cat","embeddable":true,"href":"https:\/\/toskani.com\/de\/wp-json\/wp\/v2\/product_cat?post=5546"},{"taxonomy":"product_tag","embeddable":true,"href":"https:\/\/toskani.com\/de\/wp-json\/wp\/v2\/product_tag?post=5546"}],"curies":[{"name":"wp","href":"https:\/\/api.w.org\/{rel}","templated":true}]}}