{"id":5526,"date":"2023-03-07T10:10:49","date_gmt":"2023-03-07T10:10:49","guid":{"rendered":"https:\/\/toskani.com\/de\/product\/antiaging-cocktail\/"},"modified":"2025-10-08T11:18:02","modified_gmt":"2025-10-08T11:18:02","slug":"anti-aging-cocktail","status":"publish","type":"product","link":"https:\/\/toskani.com\/de\/produkt\/anti-aging-cocktail\/","title":{"rendered":"Anti-Aging Cocktail"},"content":{"rendered":"<p>Intensive verj\u00fcngende L\u00f6sung, die eine starke feuchtigkeitsspendende und verj\u00fcngende Wirkung hat. Seine Wirkstoffkombination verbessert das Erscheinungsbild von Falten und verleiht der Haut eine straffende Wirkung.<\/p>\n","protected":false},"excerpt":{"rendered":"<p>Intensive verj\u00fcngende L\u00f6sung, die eine starke feuchtigkeitsspendende und verj\u00fcngende Wirkung hat. Seine Wirkstoffkombination verbessert das Erscheinungsbild von Falten und verleiht der Haut eine straffende Wirkung.<\/p>\n","protected":false},"featured_media":3874,"template":"","meta":[],"product_cat":[127,208,166,128],"product_tag":[],"class_list":["post-5526","product","type-product","status-publish","has-post-thumbnail","hentry","product_cat-antiedad-de","product_cat-cocktails-de","product_cat-corporal-de","product_cat-facial-de"],"acf":[],"aioseo_notices":[],"_links":{"self":[{"href":"https:\/\/toskani.com\/de\/wp-json\/wp\/v2\/product\/5526","targetHints":{"allow":["GET"]}}],"collection":[{"href":"https:\/\/toskani.com\/de\/wp-json\/wp\/v2\/product"}],"about":[{"href":"https:\/\/toskani.com\/de\/wp-json\/wp\/v2\/types\/product"}],"wp:featuredmedia":[{"embeddable":true,"href":"https:\/\/toskani.com\/de\/wp-json\/wp\/v2\/media\/3874"}],"wp:attachment":[{"href":"https:\/\/toskani.com\/de\/wp-json\/wp\/v2\/media?parent=5526"}],"wp:term":[{"taxonomy":"product_cat","embeddable":true,"href":"https:\/\/toskani.com\/de\/wp-json\/wp\/v2\/product_cat?post=5526"},{"taxonomy":"product_tag","embeddable":true,"href":"https:\/\/toskani.com\/de\/wp-json\/wp\/v2\/product_tag?post=5526"}],"curies":[{"name":"wp","href":"https:\/\/api.w.org\/{rel}","templated":true}]}}