{"id":5272,"date":"2023-03-07T11:26:04","date_gmt":"2023-03-07T11:26:04","guid":{"rendered":"https:\/\/toskani.com\/de\/product\/purifying-cleanser\/"},"modified":"2024-04-30T11:47:42","modified_gmt":"2024-04-30T11:47:42","slug":"reinigendes-reinigungsmittel","status":"publish","type":"product","link":"https:\/\/toskani.com\/de\/produkt\/reinigendes-reinigungsmittel\/","title":{"rendered":"Purifiyng Cleanser"},"content":{"rendered":"<p>Gesichtsreinigungsgel f\u00fcr fettige, Mischhaut und unreine Haut. Reduziert \u00fcbersch\u00fcssigen Talg und Fett, beseitigt den GlanzMattierung der Haut.<\/p>\n<p>Mildes Tensid und sulfatfreie Formelhilft, oberfl\u00e4chliche Unreinheiten und Bakterien zu entfernen, ohne die Haut zu reizen. Sie wird f\u00fcr zu Akne neigende Haut und Haut, die zu Mitessern und Pickeln neigt, empfohlen.<\/p>\n","protected":false},"excerpt":{"rendered":"<p>Gesichtsreinigungsgel f\u00fcr fettige, Mischhaut und unreine Haut. Reduziert \u00fcbersch\u00fcssigen Talg und Fett, beseitigt den GlanzMattierung der Haut. Mildes Tensid und sulfatfreie Formelhilft, oberfl\u00e4chliche Unreinheiten und Bakterien zu entfernen, ohne die [&hellip;]<\/p>\n","protected":false},"featured_media":3893,"template":"","meta":[],"product_cat":[189,128,190],"product_tag":[],"class_list":["post-5272","product","type-product","status-publish","has-post-thumbnail","hentry","product_cat-cleanser-de","product_cat-facial-de","product_cat-higiene-de"],"acf":[],"aioseo_notices":[],"_links":{"self":[{"href":"https:\/\/toskani.com\/de\/wp-json\/wp\/v2\/product\/5272","targetHints":{"allow":["GET"]}}],"collection":[{"href":"https:\/\/toskani.com\/de\/wp-json\/wp\/v2\/product"}],"about":[{"href":"https:\/\/toskani.com\/de\/wp-json\/wp\/v2\/types\/product"}],"wp:featuredmedia":[{"embeddable":true,"href":"https:\/\/toskani.com\/de\/wp-json\/wp\/v2\/media\/3893"}],"wp:attachment":[{"href":"https:\/\/toskani.com\/de\/wp-json\/wp\/v2\/media?parent=5272"}],"wp:term":[{"taxonomy":"product_cat","embeddable":true,"href":"https:\/\/toskani.com\/de\/wp-json\/wp\/v2\/product_cat?post=5272"},{"taxonomy":"product_tag","embeddable":true,"href":"https:\/\/toskani.com\/de\/wp-json\/wp\/v2\/product_tag?post=5272"}],"curies":[{"name":"wp","href":"https:\/\/api.w.org\/{rel}","templated":true}]}}