{"id":5262,"date":"2023-05-17T10:50:49","date_gmt":"2023-05-17T10:50:49","guid":{"rendered":"https:\/\/toskani.com\/de\/product\/b-hidroxin\/"},"modified":"2024-01-02T09:29:55","modified_gmt":"2024-01-02T09:29:55","slug":"b-hydroxin","status":"publish","type":"product","link":"https:\/\/toskani.com\/de\/produkt\/b-hydroxin\/","title":{"rendered":"B-Hydroxin"},"content":{"rendered":"<p>Einzeldosis-Ampullen mit Biotin (Vitamin B8) zur St\u00e4rkung der Haare.<\/p>\n<p>Schlechte Ern\u00e4hrung, Stress oder jahreszeitliche Ver\u00e4nderungen k\u00f6nnen zu Biotinmangel f\u00fchren, der sich in schwachem Haar, Haarausfall und br\u00fcchigen N\u00e4geln \u00e4u\u00dfert. Ein Biotinmangel kann sich auch in der Haut in Form von Akne, seborrhoischem Ekzem oder exfoliativer Dermatitis manifestieren. Biotin-Ampullen wirken revitalisierend, st\u00e4rken Haare und N\u00e4gel und verbessern ihr Aussehen.<span class=\"Apple-converted-space\"> <\/span><\/p>\n<p>Die Packung enth\u00e4lt 20 Ampullen \u00e0 2 ml.<span class=\"Apple-converted-space\"> <\/span><\/p>\n","protected":false},"excerpt":{"rendered":"<p>Einzeldosis-Ampullen mit Biotin (Vitamin B8) zur St\u00e4rkung der Haare. Schlechte Ern\u00e4hrung, Stress oder jahreszeitliche Ver\u00e4nderungen k\u00f6nnen zu Biotinmangel f\u00fchren, der sich in schwachem Haar, Haarausfall und br\u00fcchigen N\u00e4geln \u00e4u\u00dfert. Ein [&hellip;]<\/p>\n","protected":false},"featured_media":3930,"template":"","meta":[],"product_cat":[179,165],"product_tag":[],"class_list":["post-5262","product","type-product","status-publish","has-post-thumbnail","hentry","product_cat-ampollas-de","product_cat-capilar-de"],"acf":[],"aioseo_notices":[],"_links":{"self":[{"href":"https:\/\/toskani.com\/de\/wp-json\/wp\/v2\/product\/5262","targetHints":{"allow":["GET"]}}],"collection":[{"href":"https:\/\/toskani.com\/de\/wp-json\/wp\/v2\/product"}],"about":[{"href":"https:\/\/toskani.com\/de\/wp-json\/wp\/v2\/types\/product"}],"wp:featuredmedia":[{"embeddable":true,"href":"https:\/\/toskani.com\/de\/wp-json\/wp\/v2\/media\/3930"}],"wp:attachment":[{"href":"https:\/\/toskani.com\/de\/wp-json\/wp\/v2\/media?parent=5262"}],"wp:term":[{"taxonomy":"product_cat","embeddable":true,"href":"https:\/\/toskani.com\/de\/wp-json\/wp\/v2\/product_cat?post=5262"},{"taxonomy":"product_tag","embeddable":true,"href":"https:\/\/toskani.com\/de\/wp-json\/wp\/v2\/product_tag?post=5262"}],"curies":[{"name":"wp","href":"https:\/\/api.w.org\/{rel}","templated":true}]}}