{"id":5155,"date":"2023-05-17T10:55:21","date_gmt":"2023-05-17T10:55:21","guid":{"rendered":"https:\/\/toskani.com\/de\/product\/cofinet\/"},"modified":"2024-01-02T09:29:51","modified_gmt":"2024-01-02T09:29:51","slug":"cofinet","status":"publish","type":"product","link":"https:\/\/toskani.com\/de\/produkt\/cofinet\/","title":{"rendered":"Cofinet"},"content":{"rendered":"<p>Koffeinhaltige Einzeldosis-Ampullen f\u00fcr eine figurformende Wirkung.<span class=\"Apple-converted-space\"> <\/span><\/p>\n<p>Die Packung enth\u00e4lt 20 Ampullen \u00e0 2 ml.<span class=\"Apple-converted-space\"> <\/span><\/p>\n","protected":false},"excerpt":{"rendered":"<p>Koffeinhaltige Einzeldosis-Ampullen f\u00fcr eine figurformende Wirkung. Die Packung enth\u00e4lt 20 Ampullen \u00e0 2 ml.<\/p>\n","protected":false},"featured_media":3931,"template":"","meta":[],"product_cat":[179,166],"product_tag":[],"class_list":["post-5155","product","type-product","status-publish","has-post-thumbnail","hentry","product_cat-ampollas-de","product_cat-corporal-de"],"acf":[],"aioseo_notices":[],"_links":{"self":[{"href":"https:\/\/toskani.com\/de\/wp-json\/wp\/v2\/product\/5155","targetHints":{"allow":["GET"]}}],"collection":[{"href":"https:\/\/toskani.com\/de\/wp-json\/wp\/v2\/product"}],"about":[{"href":"https:\/\/toskani.com\/de\/wp-json\/wp\/v2\/types\/product"}],"wp:featuredmedia":[{"embeddable":true,"href":"https:\/\/toskani.com\/de\/wp-json\/wp\/v2\/media\/3931"}],"wp:attachment":[{"href":"https:\/\/toskani.com\/de\/wp-json\/wp\/v2\/media?parent=5155"}],"wp:term":[{"taxonomy":"product_cat","embeddable":true,"href":"https:\/\/toskani.com\/de\/wp-json\/wp\/v2\/product_cat?post=5155"},{"taxonomy":"product_tag","embeddable":true,"href":"https:\/\/toskani.com\/de\/wp-json\/wp\/v2\/product_tag?post=5155"}],"curies":[{"name":"wp","href":"https:\/\/api.w.org\/{rel}","templated":true}]}}